{"id":5099,"date":"2024-01-11T10:37:16","date_gmt":"2024-01-11T09:37:16","guid":{"rendered":"https:\/\/arnoia.socomunicacion.com\/fiestas\/"},"modified":"2024-02-26T12:26:30","modified_gmt":"2024-02-26T11:26:30","slug":"fiestas","status":"publish","type":"page","link":"https:\/\/arnoia.es\/es\/fiestas\/","title":{"rendered":"Fiestas"},"content":{"rendered":"<style>.elementor-5099 .elementor-element.elementor-element-4b61b50 > .elementor-container{max-width:1170px;}.elementor-5099 .elementor-element.elementor-element-4b61b50:not(.elementor-motion-effects-element-type-background), .elementor-5099 .elementor-element.elementor-element-4b61b50 > .elementor-motion-effects-container > .elementor-motion-effects-layer{background-image:url(\"https:\/\/arnoia.es\/wp-content\/uploads\/2024\/01\/festa-do-pemento.jpeg\");background-position:0px 6%;background-repeat:no-repeat;background-size:cover;}.elementor-5099 .elementor-element.elementor-element-4b61b50 > .elementor-background-overlay{background-color:#121212;opacity:0.4;transition:background 0.3s, border-radius 0.3s, opacity 0.3s;}.elementor-5099 .elementor-element.elementor-element-4b61b50{transition:background 0.3s, border 0.3s, border-radius 0.3s, box-shadow 0.3s;padding:280px 0px 150px 0px;z-index:0;}.elementor-5099 .elementor-element.elementor-element-56b9586a{text-align:center;}.elementor-5099 .elementor-element.elementor-element-56b9586a .elementor-heading-title{font-family:var( --e-global-typography-secondary-font-family ), Sans-serif;font-weight:var( --e-global-typography-secondary-font-weight );color:#FFFFFF;}.elementor-5099 .elementor-element.elementor-element-3ef4a4c5 .elementor-icon-list-items:not(.elementor-inline-items) .elementor-icon-list-item:not(:last-child){padding-block-end:calc(5px\/2);}.elementor-5099 .elementor-element.elementor-element-3ef4a4c5 .elementor-icon-list-items:not(.elementor-inline-items) .elementor-icon-list-item:not(:first-child){margin-block-start:calc(5px\/2);}.elementor-5099 .elementor-element.elementor-element-3ef4a4c5 .elementor-icon-list-items.elementor-inline-items .elementor-icon-list-item{margin-inline:calc(5px\/2);}.elementor-5099 .elementor-element.elementor-element-3ef4a4c5 .elementor-icon-list-items.elementor-inline-items{margin-inline:calc(-5px\/2);}.elementor-5099 .elementor-element.elementor-element-3ef4a4c5 .elementor-icon-list-items.elementor-inline-items .elementor-icon-list-item:after{inset-inline-end:calc(-5px\/2);}.elementor-5099 .elementor-element.elementor-element-3ef4a4c5 .elementor-icon-list-icon i{color:var( --e-global-color-secondary );transition:color 0.3s;}.elementor-5099 .elementor-element.elementor-element-3ef4a4c5 .elementor-icon-list-icon svg{fill:var( --e-global-color-secondary );transition:fill 0.3s;}.elementor-5099 .elementor-element.elementor-element-3ef4a4c5{--e-icon-list-icon-size:14px;--icon-vertical-offset:0px;}.elementor-5099 .elementor-element.elementor-element-3ef4a4c5 .elementor-icon-list-text{color:#FFFFFF;transition:color 0.3s;}.elementor-5099 .elementor-element.elementor-element-3ef4a4c5 > .elementor-widget-container{margin:-5px 0px 0px 0px;}.elementor-5099 .elementor-element.elementor-element-c5c18a0{--display:flex;--flex-direction:row;--container-widget-width:initial;--container-widget-height:100%;--container-widget-flex-grow:1;--container-widget-align-self:stretch;--flex-wrap-mobile:wrap;--padding-top:0100px;--padding-bottom:0px;--padding-left:0px;--padding-right:0px;}.elementor-5099 .elementor-element.elementor-element-edc7407{--display:flex;--padding-top:0px;--padding-bottom:75px;--padding-left:0px;--padding-right:0px;}.elementor-5099 .elementor-element.elementor-element-9b7486d{text-decoration:none;}@media(max-width:1024px){.elementor-5099 .elementor-element.elementor-element-4b61b50:not(.elementor-motion-effects-element-type-background), .elementor-5099 .elementor-element.elementor-element-4b61b50 > .elementor-motion-effects-container > .elementor-motion-effects-layer{background-position:0px 0px;}.elementor-5099 .elementor-element.elementor-element-4b61b50{padding:200px 10px 130px 10px;}}@media(max-width:767px){.elementor-5099 .elementor-element.elementor-element-4b61b50:not(.elementor-motion-effects-element-type-background), .elementor-5099 .elementor-element.elementor-element-4b61b50 > .elementor-motion-effects-container > .elementor-motion-effects-layer{background-position:center center;}.elementor-5099 .elementor-element.elementor-element-4b61b50{padding:160px 0px 80px 0px;}}<\/style>\t\t<div data-elementor-type=\"wp-page\" data-elementor-id=\"5099\" class=\"elementor elementor-5099 elementor-814\" data-elementor-post-type=\"page\">\n\t\t\t\t\t\t<section class=\"elementor-section elementor-top-section elementor-element elementor-element-4b61b50 elementor-section-boxed elementor-section-height-default elementor-section-height-default\" data-id=\"4b61b50\" data-element_type=\"section\" data-e-type=\"section\" data-settings=\"{&quot;background_background&quot;:&quot;classic&quot;}\">\n\t\t\t\t\t\t\t<div class=\"elementor-background-overlay\"><\/div>\n\t\t\t\t\t\t\t<div class=\"elementor-container elementor-column-gap-default\">\n\t\t\t\t\t<div class=\"elementor-column elementor-col-100 elementor-top-column elementor-element elementor-element-2c2d7e3\" data-id=\"2c2d7e3\" data-element_type=\"column\" data-e-type=\"column\">\n\t\t\t<div class=\"elementor-widget-wrap elementor-element-populated\">\n\t\t\t\t\t\t<div class=\"elementor-element elementor-element-56b9586a elementor-widget elementor-widget-heading\" data-id=\"56b9586a\" data-element_type=\"widget\" data-e-type=\"widget\" data-widget_type=\"heading.default\">\n\t\t\t\t<div class=\"elementor-widget-container\">\n\t\t\t\t\t<h2 class=\"elementor-heading-title elementor-size-default\">Fiestas<\/h2>\t\t\t\t<\/div>\n\t\t\t\t<\/div>\n\t\t\t\t<div class=\"elementor-element elementor-element-3ef4a4c5 elementor-icon-list--layout-inline elementor-align-center elementor-list-item-link-full_width elementor-widget elementor-widget-icon-list\" data-id=\"3ef4a4c5\" data-element_type=\"widget\" data-e-type=\"widget\" data-widget_type=\"icon-list.default\">\n\t\t\t\t<div class=\"elementor-widget-container\">\n\t\t\t\t\t\t\t<ul class=\"elementor-icon-list-items elementor-inline-items\">\n\t\t\t\t\t\t\t<li class=\"elementor-icon-list-item elementor-inline-item\">\n\t\t\t\t\t\t\t\t\t\t<span class=\"elementor-icon-list-text\">Inicio<\/span>\n\t\t\t\t\t\t\t\t\t<\/li>\n\t\t\t\t\t\t\t\t<li class=\"elementor-icon-list-item elementor-inline-item\">\n\t\t\t\t\t\t\t\t\t\t\t<span class=\"elementor-icon-list-icon\">\n\t\t\t\t\t\t\t<svg aria-hidden=\"true\" class=\"e-font-icon-svg e-fas-chevron-right\" viewBox=\"0 0 320 512\" xmlns=\"http:\/\/www.w3.org\/2000\/svg\"><path d=\"M285.476 272.971L91.132 467.314c-9.373 9.373-24.569 9.373-33.941 0l-22.667-22.667c-9.357-9.357-9.375-24.522-.04-33.901L188.505 256 34.484 101.255c-9.335-9.379-9.317-24.544.04-33.901l22.667-22.667c9.373-9.373 24.569-9.373 33.941 0L285.475 239.03c9.373 9.372 9.373 24.568.001 33.941z\"><\/path><\/svg>\t\t\t\t\t\t<\/span>\n\t\t\t\t\t\t\t\t\t\t<span class=\"elementor-icon-list-text\">Fiestas<\/span>\n\t\t\t\t\t\t\t\t\t<\/li>\n\t\t\t\t\t\t<\/ul>\n\t\t\t\t\t\t<\/div>\n\t\t\t\t<\/div>\n\t\t\t\t\t<\/div>\n\t\t<\/div>\n\t\t\t\t\t<\/div>\n\t\t<\/section>\n\t\t<div class=\"elementor-element elementor-element-c5c18a0 e-flex e-con-boxed e-con e-parent\" data-id=\"c5c18a0\" data-element_type=\"container\" data-e-type=\"container\">\n\t\t\t\t\t<div class=\"e-con-inner\">\n\t\t\t\t<div class=\"elementor-element elementor-element-e2eb3b1 elementor-widget elementor-widget-heading\" data-id=\"e2eb3b1\" data-element_type=\"widget\" data-e-type=\"widget\" data-widget_type=\"heading.default\">\n\t\t\t\t<div class=\"elementor-widget-container\">\n\t\t\t\t\t<h2 class=\"elementor-heading-title elementor-size-default\">Fiestas<\/h2>\t\t\t\t<\/div>\n\t\t\t\t<\/div>\n\t\t\t\t\t<\/div>\n\t\t\t\t<\/div>\n\t\t<div class=\"elementor-element elementor-element-edc7407 e-flex e-con-boxed e-con e-parent\" data-id=\"edc7407\" data-element_type=\"container\" data-e-type=\"container\">\n\t\t\t\t\t<div class=\"e-con-inner\">\n\t\t\t\t<div class=\"elementor-element elementor-element-9b7486d elementor-widget elementor-widget-text-editor\" data-id=\"9b7486d\" data-element_type=\"widget\" data-e-type=\"widget\" data-widget_type=\"text-editor.default\">\n\t\t\t\t<div class=\"elementor-widget-container\">\n\t\t\t\t\t\t\t\t\t<p>Son <b>numerosas las celebraciones festivas<\/b> que se realizan en Amoia. \u00c9l calendario festivo incluye por lo menos <b>diecis\u00e9is<\/b> a lo ancho de \u00e9l cordero, en su mayor\u00eda propiciadas ponerlos patronazgos de sus mustia capillas. Algunas de estas fiestas son de gran tradici\u00f3n c\u00f3mo la bendici\u00f3n de los campos o la de las \u201cReliquias\u201d en Remui\u00f1o. Es sin embargo una fiesta moderna a que hoy en d\u00eda tiene la mayor capacidad de convocatoria: <a href=\"https:\/\/festadopemento.es\" target=\"_blank\" rel=\"noopener\">\u201cLa Fiesta del Pimiento\u201d<\/a>.<\/p>\n<p><b>Enero<\/b><br \/><b>D\u00edas 15 y 16<\/b>: Fiestas en la honra de <a href=\"#\" target=\"_blank\" rel=\"noopener\">San Amaro<\/a>, patr\u00f3n del valle del mismo nombre. Novena, misas y procesi\u00f3n desde la iglesia parroquial. Pulpeira, fiesta popular y verbena.<br \/><b>D\u00eda 20:<\/b> Misa de San Sebasti\u00e1n en la capilla de Lapela.<br \/><b>D\u00eda 22:<\/b> Misa de San Vicente di\u00e1cono y m\u00e1rtir. En la capilla de San Roque. Se celebra una subasta los pones productos ofrecidos (lac\u00f3ns y chorizos) que acostumbran a ganar los j\u00f3venes del lugar y con los que hacen una cena.<\/p>\n<p><b>Marzo o Abril<br \/><\/b>El martes de Pascua se celebra el San Amaro de Pascua. Misa y Procesi\u00f3n.<\/p>\n<p><b>Abril<\/b><br \/><b>D\u00eda 25:<\/b> En la capilla de Solapa misa en la honra de San Marcos<\/p>\n<p><b>Mayo<\/b><br \/><b>D\u00eda 8:<\/b> San Miguel, arcanxo. Romer\u00eda y bendici\u00f3n de los campos desde Coto Novelle.<br \/><b>D\u00edas 22 e 23:<\/b> <a href=\"#\" target=\"_blank\" rel=\"noopener\">Santa Rita<\/a>, patrona da A Arnoia. Actos lit\u00fargicos, pulpeira, fiesta popular y verbena.<\/p>\n<p><b>Junio<\/b><br \/><b>D\u00eda 13:<\/b> San Antonio de P\u00e1dua. Misa y procesi\u00f3n con banda de m\u00fasica. Fiesta popular y verbena.<br \/><b>D\u00eda 27:<\/b> Fiesta da Virxe do Socorro. En la capilla del Balneario. Procesi\u00f3n desde A Reza, con alfombra de flores y bendici\u00f3n desde el catamar\u00e1n. Comida campestre en el robledal de la Villa Termal. Pulpeira y taberna. Grupos de gaitas y charangas. Organizada por los vecinos da Reza. Se celebra en el domingo inmediato.<\/p>\n<p><b>Julio<\/b><br \/><b>D\u00eda 26:<\/b> Fiesta de Santa Ana. Misa en la iglesia parroquial y procesi\u00f3n hasta Paix\u00f3n. Comida campestre en el \u00e1rea recreativa de Poldras. Pulpeira y animaci\u00f3n.<\/p>\n<p><b>Agosto<br \/>Primer domingo:<\/b> <a href=\"https:\/\/festadopemento.es\" target=\"_blank\" rel=\"noopener\">Festa do pemento<\/a>. En el campo de A Queixeira. Popular y gastron\u00f3mica. Actuaciones musicales.<br \/><b>D\u00eda 5:<\/b> A Nosa Se\u00f1ora das Neves. Misa en la capilla de San Roque.<br \/><b>D\u00eda 15:<\/b> A Nosa Se\u00f1ora da Asunci\u00f3n. En Lapela. Misa y procesi\u00f3n. Fiesta popular y verbena.<br \/><b>D\u00edas 16 y 17:<\/b> Festa de <a href=\"#\" target=\"_blank\" rel=\"noopener\">San Roque<\/a>. Misa y procesi\u00f3n. Fiesta popular y verbenas.<br \/><b>D\u00eda 24:<\/b> Festa de San Bartolomeu. Misa. Fiesta y verbena.<br \/><b>D\u00eda 31:<\/b> San Ram\u00f3n Nonato. Misa en Remui\u00f1o.<\/p>\n<p><b>Septiembre<\/b><br \/><b>D\u00eda 14:<\/b> Las Reliquias de Santa Cruz. Misa en Remui\u00f1o.<\/p>\n<p><b>Diciembre<\/b><br \/><b>D\u00eda 13:<\/b> Santa Luc\u00eda. Misa y procesi\u00f3n en San Amaro.<\/p>\n\t\t\t\t\t\t\t\t<\/div>\n\t\t\t\t<\/div>\n\t\t\t\t\t<\/div>\n\t\t\t\t<\/div>\n\t\t\t\t<\/div>\n\t\t","protected":false},"excerpt":{"rendered":"<p>Fiestas Inicio Fiestas Fiestas Son numerosas las celebraciones festivas que se realizan en Amoia. \u00c9l calendario festivo incluye por lo menos diecis\u00e9is a lo ancho de \u00e9l cordero, en su mayor\u00eda propiciadas ponerlos patronazgos de sus mustia capillas. Algunas de estas fiestas son de gran tradici\u00f3n c\u00f3mo la bendici\u00f3n de los campos o la de [&hellip;]<\/p>\n","protected":false},"author":1,"featured_media":0,"parent":0,"menu_order":0,"comment_status":"closed","ping_status":"closed","template":"","meta":{"site-sidebar-layout":"no-sidebar","site-content-layout":"","ast-site-content-layout":"full-width-container","site-content-style":"default","site-sidebar-style":"default","ast-global-header-display":"","ast-banner-title-visibility":"","ast-main-header-display":"","ast-hfb-above-header-display":"","ast-hfb-below-header-display":"","ast-hfb-mobile-header-display":"","site-post-title":"disabled","ast-breadcrumbs-content":"","ast-featured-img":"disabled","footer-sml-layout":"","ast-disable-related-posts":"","theme-transparent-header-meta":"","adv-header-id-meta":"","stick-header-meta":"","header-above-stick-meta":"","header-main-stick-meta":"","header-below-stick-meta":"","astra-migrate-meta-layouts":"default","ast-page-background-enabled":"default","ast-page-background-meta":{"desktop":{"background-color":"var(--ast-global-color-4)","background-image":"","background-repeat":"repeat","background-position":"center center","background-size":"auto","background-attachment":"scroll","background-type":"","background-media":"","overlay-type":"","overlay-color":"","overlay-opacity":"","overlay-gradient":""},"tablet":{"background-color":"","background-image":"","background-repeat":"repeat","background-position":"center center","background-size":"auto","background-attachment":"scroll","background-type":"","background-media":"","overlay-type":"","overlay-color":"","overlay-opacity":"","overlay-gradient":""},"mobile":{"background-color":"","background-image":"","background-repeat":"repeat","background-position":"center center","background-size":"auto","background-attachment":"scroll","background-type":"","background-media":"","overlay-type":"","overlay-color":"","overlay-opacity":"","overlay-gradient":""}},"ast-content-background-meta":{"desktop":{"background-color":"var(--ast-global-color-5)","background-image":"","background-repeat":"repeat","background-position":"center center","background-size":"auto","background-attachment":"scroll","background-type":"","background-media":"","overlay-type":"","overlay-color":"","overlay-opacity":"","overlay-gradient":""},"tablet":{"background-color":"var(--ast-global-color-5)","background-image":"","background-repeat":"repeat","background-position":"center center","background-size":"auto","background-attachment":"scroll","background-type":"","background-media":"","overlay-type":"","overlay-color":"","overlay-opacity":"","overlay-gradient":""},"mobile":{"background-color":"var(--ast-global-color-5)","background-image":"","background-repeat":"repeat","background-position":"center center","background-size":"auto","background-attachment":"scroll","background-type":"","background-media":"","overlay-type":"","overlay-color":"","overlay-opacity":"","overlay-gradient":""}},"footnotes":""},"class_list":["post-5099","page","type-page","status-publish","hentry"],"yoast_head":"<!-- This site is optimized with the Yoast SEO Premium plugin v22.2 (Yoast SEO v27.2) - https:\/\/yoast.com\/product\/yoast-seo-premium-wordpress\/ -->\n<title>Fiestas - Concello de A Arnoia<\/title>\n<meta name=\"robots\" content=\"index, follow, max-snippet:-1, max-image-preview:large, max-video-preview:-1\" \/>\n<link rel=\"canonical\" href=\"https:\/\/arnoia.es\/festas-na-arnoia\/\" \/>\n<meta property=\"og:locale\" content=\"es_ES\" \/>\n<meta property=\"og:type\" content=\"article\" \/>\n<meta property=\"og:title\" content=\"Fiestas\" \/>\n<meta property=\"og:description\" content=\"Fiestas Inicio Fiestas Fiestas Son numerosas las celebraciones festivas que se realizan en Amoia. \u00c9l calendario festivo incluye por lo menos diecis\u00e9is a lo ancho de \u00e9l cordero, en su mayor\u00eda propiciadas ponerlos patronazgos de sus mustia capillas. Algunas de estas fiestas son de gran tradici\u00f3n c\u00f3mo la bendici\u00f3n de los campos o la de [&hellip;]\" \/>\n<meta property=\"og:url\" content=\"https:\/\/arnoia.es\/festas-na-arnoia\/\" \/>\n<meta property=\"og:site_name\" content=\"Concello de A Arnoia\" \/>\n<meta property=\"article:publisher\" content=\"https:\/\/www.facebook.com\/ConcellodeArnoia\" \/>\n<meta property=\"article:modified_time\" content=\"2024-02-26T11:26:30+00:00\" \/>\n<meta property=\"og:image\" content=\"https:\/\/arnoia.es\/wp-content\/uploads\/2023\/12\/cropped-logo-transparent-concello-de-a-arnoia.png\" \/>\n\t<meta property=\"og:image:width\" content=\"512\" \/>\n\t<meta property=\"og:image:height\" content=\"512\" \/>\n\t<meta property=\"og:image:type\" content=\"image\/png\" \/>\n<meta name=\"twitter:card\" content=\"summary_large_image\" \/>\n<meta name=\"twitter:site\" content=\"@ConcelloArnoia\" \/>\n<meta name=\"twitter:label1\" content=\"Tiempo de lectura\" \/>\n\t<meta name=\"twitter:data1\" content=\"2 minutos\" \/>\n<script type=\"application\/ld+json\" class=\"yoast-schema-graph\">{\"@context\":\"https:\/\/schema.org\",\"@graph\":[{\"@type\":\"WebPage\",\"@id\":\"https:\/\/arnoia.es\/festas-na-arnoia\/\",\"url\":\"https:\/\/arnoia.es\/festas-na-arnoia\/\",\"name\":\"Fiestas - Concello de A Arnoia\",\"isPartOf\":{\"@id\":\"https:\/\/arnoia.es\/#website\"},\"datePublished\":\"2024-01-11T09:37:16+00:00\",\"dateModified\":\"2024-02-26T11:26:30+00:00\",\"breadcrumb\":{\"@id\":\"https:\/\/arnoia.es\/festas-na-arnoia\/#breadcrumb\"},\"inLanguage\":\"es\",\"potentialAction\":[{\"@type\":\"ReadAction\",\"target\":[\"https:\/\/arnoia.es\/festas-na-arnoia\/\"]}]},{\"@type\":\"BreadcrumbList\",\"@id\":\"https:\/\/arnoia.es\/festas-na-arnoia\/#breadcrumb\",\"itemListElement\":[{\"@type\":\"ListItem\",\"position\":1,\"name\":\"Inicio\",\"item\":\"https:\/\/arnoia.es\/\"},{\"@type\":\"ListItem\",\"position\":2,\"name\":\"Fiestas\"}]},{\"@type\":\"WebSite\",\"@id\":\"https:\/\/arnoia.es\/#website\",\"url\":\"https:\/\/arnoia.es\/\",\"name\":\"Concello de A Arnoia\",\"description\":\"\",\"publisher\":{\"@id\":\"https:\/\/arnoia.es\/#organization\"},\"potentialAction\":[{\"@type\":\"SearchAction\",\"target\":{\"@type\":\"EntryPoint\",\"urlTemplate\":\"https:\/\/arnoia.es\/?s={search_term_string}\"},\"query-input\":{\"@type\":\"PropertyValueSpecification\",\"valueRequired\":true,\"valueName\":\"search_term_string\"}}],\"inLanguage\":\"es\"},{\"@type\":\"Organization\",\"@id\":\"https:\/\/arnoia.es\/#organization\",\"name\":\"Concello de A Arnoia\",\"url\":\"https:\/\/arnoia.es\/\",\"logo\":{\"@type\":\"ImageObject\",\"inLanguage\":\"es\",\"@id\":\"https:\/\/arnoia.es\/#\/schema\/logo\/image\/\",\"url\":\"https:\/\/arnoia.es\/wp-content\/uploads\/2023\/12\/cropped-logo-transparent-concello-de-a-arnoia.png\",\"contentUrl\":\"https:\/\/arnoia.es\/wp-content\/uploads\/2023\/12\/cropped-logo-transparent-concello-de-a-arnoia.png\",\"width\":512,\"height\":512,\"caption\":\"Concello de A Arnoia\"},\"image\":{\"@id\":\"https:\/\/arnoia.es\/#\/schema\/logo\/image\/\"},\"sameAs\":[\"https:\/\/www.facebook.com\/ConcellodeArnoia\",\"https:\/\/x.com\/ConcelloArnoia\",\"https:\/\/www.instagram.com\/concellodearnoia\/?hl=es\"],\"email\":\"info@arnoia.es\",\"telephone\":\"988 48 69 00\"}]}<\/script>\n<!-- \/ Yoast SEO Premium plugin. -->","yoast_head_json":{"title":"Fiestas - Concello de A Arnoia","robots":{"index":"index","follow":"follow","max-snippet":"max-snippet:-1","max-image-preview":"max-image-preview:large","max-video-preview":"max-video-preview:-1"},"canonical":"https:\/\/arnoia.es\/festas-na-arnoia\/","og_locale":"es_ES","og_type":"article","og_title":"Fiestas","og_description":"Fiestas Inicio Fiestas Fiestas Son numerosas las celebraciones festivas que se realizan en Amoia. \u00c9l calendario festivo incluye por lo menos diecis\u00e9is a lo ancho de \u00e9l cordero, en su mayor\u00eda propiciadas ponerlos patronazgos de sus mustia capillas. Algunas de estas fiestas son de gran tradici\u00f3n c\u00f3mo la bendici\u00f3n de los campos o la de [&hellip;]","og_url":"https:\/\/arnoia.es\/festas-na-arnoia\/","og_site_name":"Concello de A Arnoia","article_publisher":"https:\/\/www.facebook.com\/ConcellodeArnoia","article_modified_time":"2024-02-26T11:26:30+00:00","og_image":[{"width":512,"height":512,"url":"https:\/\/arnoia.es\/wp-content\/uploads\/2023\/12\/cropped-logo-transparent-concello-de-a-arnoia.png","type":"image\/png"}],"twitter_card":"summary_large_image","twitter_site":"@ConcelloArnoia","twitter_misc":{"Tiempo de lectura":"2 minutos"},"schema":{"@context":"https:\/\/schema.org","@graph":[{"@type":"WebPage","@id":"https:\/\/arnoia.es\/festas-na-arnoia\/","url":"https:\/\/arnoia.es\/festas-na-arnoia\/","name":"Fiestas - Concello de A Arnoia","isPartOf":{"@id":"https:\/\/arnoia.es\/#website"},"datePublished":"2024-01-11T09:37:16+00:00","dateModified":"2024-02-26T11:26:30+00:00","breadcrumb":{"@id":"https:\/\/arnoia.es\/festas-na-arnoia\/#breadcrumb"},"inLanguage":"es","potentialAction":[{"@type":"ReadAction","target":["https:\/\/arnoia.es\/festas-na-arnoia\/"]}]},{"@type":"BreadcrumbList","@id":"https:\/\/arnoia.es\/festas-na-arnoia\/#breadcrumb","itemListElement":[{"@type":"ListItem","position":1,"name":"Inicio","item":"https:\/\/arnoia.es\/"},{"@type":"ListItem","position":2,"name":"Fiestas"}]},{"@type":"WebSite","@id":"https:\/\/arnoia.es\/#website","url":"https:\/\/arnoia.es\/","name":"Concello de A Arnoia","description":"","publisher":{"@id":"https:\/\/arnoia.es\/#organization"},"potentialAction":[{"@type":"SearchAction","target":{"@type":"EntryPoint","urlTemplate":"https:\/\/arnoia.es\/?s={search_term_string}"},"query-input":{"@type":"PropertyValueSpecification","valueRequired":true,"valueName":"search_term_string"}}],"inLanguage":"es"},{"@type":"Organization","@id":"https:\/\/arnoia.es\/#organization","name":"Concello de A Arnoia","url":"https:\/\/arnoia.es\/","logo":{"@type":"ImageObject","inLanguage":"es","@id":"https:\/\/arnoia.es\/#\/schema\/logo\/image\/","url":"https:\/\/arnoia.es\/wp-content\/uploads\/2023\/12\/cropped-logo-transparent-concello-de-a-arnoia.png","contentUrl":"https:\/\/arnoia.es\/wp-content\/uploads\/2023\/12\/cropped-logo-transparent-concello-de-a-arnoia.png","width":512,"height":512,"caption":"Concello de A Arnoia"},"image":{"@id":"https:\/\/arnoia.es\/#\/schema\/logo\/image\/"},"sameAs":["https:\/\/www.facebook.com\/ConcellodeArnoia","https:\/\/x.com\/ConcelloArnoia","https:\/\/www.instagram.com\/concellodearnoia\/?hl=es"],"email":"info@arnoia.es","telephone":"988 48 69 00"}]}},"_links":{"self":[{"href":"https:\/\/arnoia.es\/es\/wp-json\/wp\/v2\/pages\/5099","targetHints":{"allow":["GET"]}}],"collection":[{"href":"https:\/\/arnoia.es\/es\/wp-json\/wp\/v2\/pages"}],"about":[{"href":"https:\/\/arnoia.es\/es\/wp-json\/wp\/v2\/types\/page"}],"author":[{"embeddable":true,"href":"https:\/\/arnoia.es\/es\/wp-json\/wp\/v2\/users\/1"}],"replies":[{"embeddable":true,"href":"https:\/\/arnoia.es\/es\/wp-json\/wp\/v2\/comments?post=5099"}],"version-history":[{"count":3,"href":"https:\/\/arnoia.es\/es\/wp-json\/wp\/v2\/pages\/5099\/revisions"}],"predecessor-version":[{"id":5102,"href":"https:\/\/arnoia.es\/es\/wp-json\/wp\/v2\/pages\/5099\/revisions\/5102"}],"wp:attachment":[{"href":"https:\/\/arnoia.es\/es\/wp-json\/wp\/v2\/media?parent=5099"}],"curies":[{"name":"wp","href":"https:\/\/api.w.org\/{rel}","templated":true}]}}