{"id":5103,"date":"2024-01-04T10:21:56","date_gmt":"2024-01-04T09:21:56","guid":{"rendered":"https:\/\/arnoia.socomunicacion.com\/pueblos-de-a-arnoia\/"},"modified":"2024-03-21T11:05:17","modified_gmt":"2024-03-21T10:05:17","slug":"pueblos-de-a-arnoia","status":"publish","type":"page","link":"https:\/\/arnoia.es\/es\/pueblos-de-a-arnoia\/","title":{"rendered":"Pueblos de A Arnoia"},"content":{"rendered":"<style>.elementor-5103 .elementor-element.elementor-element-10873741 > .elementor-container{max-width:1170px;}.elementor-5103 .elementor-element.elementor-element-10873741:not(.elementor-motion-effects-element-type-background), .elementor-5103 .elementor-element.elementor-element-10873741 > .elementor-motion-effects-container > .elementor-motion-effects-layer{background-image:url(\"https:\/\/arnoia.es\/wp-content\/uploads\/2024\/01\/mancomunidade-a-arnoia.jpg\");background-position:0px 58%;background-repeat:no-repeat;background-size:cover;}.elementor-5103 .elementor-element.elementor-element-10873741 > .elementor-background-overlay{background-color:#121212;opacity:0.4;transition:background 0.3s, border-radius 0.3s, opacity 0.3s;}.elementor-5103 .elementor-element.elementor-element-10873741{transition:background 0.3s, border 0.3s, border-radius 0.3s, box-shadow 0.3s;padding:280px 0px 150px 0px;z-index:0;}.elementor-5103 .elementor-element.elementor-element-6f3fce94{text-align:center;}.elementor-5103 .elementor-element.elementor-element-6f3fce94 .elementor-heading-title{font-family:var( --e-global-typography-secondary-font-family ), Sans-serif;font-weight:var( --e-global-typography-secondary-font-weight );color:#FFFFFF;}.elementor-5103 .elementor-element.elementor-element-18795c6d .elementor-icon-list-items:not(.elementor-inline-items) .elementor-icon-list-item:not(:last-child){padding-block-end:calc(5px\/2);}.elementor-5103 .elementor-element.elementor-element-18795c6d .elementor-icon-list-items:not(.elementor-inline-items) .elementor-icon-list-item:not(:first-child){margin-block-start:calc(5px\/2);}.elementor-5103 .elementor-element.elementor-element-18795c6d .elementor-icon-list-items.elementor-inline-items .elementor-icon-list-item{margin-inline:calc(5px\/2);}.elementor-5103 .elementor-element.elementor-element-18795c6d .elementor-icon-list-items.elementor-inline-items{margin-inline:calc(-5px\/2);}.elementor-5103 .elementor-element.elementor-element-18795c6d .elementor-icon-list-items.elementor-inline-items .elementor-icon-list-item:after{inset-inline-end:calc(-5px\/2);}.elementor-5103 .elementor-element.elementor-element-18795c6d .elementor-icon-list-icon i{color:var( --e-global-color-secondary );transition:color 0.3s;}.elementor-5103 .elementor-element.elementor-element-18795c6d .elementor-icon-list-icon svg{fill:var( --e-global-color-secondary );transition:fill 0.3s;}.elementor-5103 .elementor-element.elementor-element-18795c6d{--e-icon-list-icon-size:14px;--icon-vertical-offset:0px;}.elementor-5103 .elementor-element.elementor-element-18795c6d .elementor-icon-list-text{color:#FFFFFF;transition:color 0.3s;}.elementor-5103 .elementor-element.elementor-element-18795c6d > .elementor-widget-container{margin:-5px 0px 0px 0px;}.elementor-5103 .elementor-element.elementor-element-bfa7acd{--display:flex;--flex-direction:column;--container-widget-width:100%;--container-widget-height:initial;--container-widget-flex-grow:0;--container-widget-align-self:initial;--flex-wrap-mobile:wrap;--padding-top:050px;--padding-bottom:0px;--padding-left:0px;--padding-right:0px;}.elementor-5103 .elementor-element.elementor-element-cc7ee10{text-align:center;}.elementor-5103 .elementor-element.elementor-element-4143e3a{text-align:center;}.elementor-5103 .elementor-element.elementor-element-c3c929d{--display:flex;--flex-direction:row;--container-widget-width:initial;--container-widget-height:100%;--container-widget-flex-grow:1;--container-widget-align-self:stretch;--flex-wrap-mobile:wrap;--gap:0px 0px;--row-gap:0px;--column-gap:0px;--padding-top:0px;--padding-bottom:075px;--padding-left:0px;--padding-right:0px;}.elementor-5103 .elementor-element.elementor-element-3d9b3c4{--display:flex;--flex-direction:column;--container-widget-width:100%;--container-widget-height:initial;--container-widget-flex-grow:0;--container-widget-align-self:initial;--flex-wrap-mobile:wrap;}@media(min-width:768px){.elementor-5103 .elementor-element.elementor-element-3d9b3c4{--width:100%;}}@media(max-width:1024px){.elementor-5103 .elementor-element.elementor-element-10873741:not(.elementor-motion-effects-element-type-background), .elementor-5103 .elementor-element.elementor-element-10873741 > .elementor-motion-effects-container > .elementor-motion-effects-layer{background-position:0px 0px;}.elementor-5103 .elementor-element.elementor-element-10873741{padding:200px 10px 130px 10px;}}@media(max-width:767px){.elementor-5103 .elementor-element.elementor-element-10873741:not(.elementor-motion-effects-element-type-background), .elementor-5103 .elementor-element.elementor-element-10873741 > .elementor-motion-effects-container > .elementor-motion-effects-layer{background-position:center center;}.elementor-5103 .elementor-element.elementor-element-10873741{padding:160px 0px 80px 0px;}}<\/style>\t\t<div data-elementor-type=\"wp-page\" data-elementor-id=\"5103\" class=\"elementor elementor-5103 elementor-550\" data-elementor-post-type=\"page\">\n\t\t\t\t\t\t<section class=\"elementor-section elementor-top-section elementor-element elementor-element-10873741 elementor-section-boxed elementor-section-height-default elementor-section-height-default\" data-id=\"10873741\" data-element_type=\"section\" data-e-type=\"section\" data-settings=\"{&quot;background_background&quot;:&quot;classic&quot;}\">\n\t\t\t\t\t\t\t<div class=\"elementor-background-overlay\"><\/div>\n\t\t\t\t\t\t\t<div class=\"elementor-container elementor-column-gap-default\">\n\t\t\t\t\t<div class=\"elementor-column elementor-col-100 elementor-top-column elementor-element elementor-element-223ed6f5\" data-id=\"223ed6f5\" data-element_type=\"column\" data-e-type=\"column\">\n\t\t\t<div class=\"elementor-widget-wrap elementor-element-populated\">\n\t\t\t\t\t\t<div class=\"elementor-element elementor-element-6f3fce94 elementor-widget elementor-widget-heading\" data-id=\"6f3fce94\" data-element_type=\"widget\" data-e-type=\"widget\" data-widget_type=\"heading.default\">\n\t\t\t\t<div class=\"elementor-widget-container\">\n\t\t\t\t\t<h2 class=\"elementor-heading-title elementor-size-default\">Pueblos de A Arnoia<\/h2>\t\t\t\t<\/div>\n\t\t\t\t<\/div>\n\t\t\t\t<div class=\"elementor-element elementor-element-18795c6d elementor-icon-list--layout-inline elementor-align-center elementor-list-item-link-full_width elementor-widget elementor-widget-icon-list\" data-id=\"18795c6d\" data-element_type=\"widget\" data-e-type=\"widget\" data-widget_type=\"icon-list.default\">\n\t\t\t\t<div class=\"elementor-widget-container\">\n\t\t\t\t\t\t\t<ul class=\"elementor-icon-list-items elementor-inline-items\">\n\t\t\t\t\t\t\t<li class=\"elementor-icon-list-item elementor-inline-item\">\n\t\t\t\t\t\t\t\t\t\t<span class=\"elementor-icon-list-text\">Inicio<\/span>\n\t\t\t\t\t\t\t\t\t<\/li>\n\t\t\t\t\t\t\t\t<li class=\"elementor-icon-list-item elementor-inline-item\">\n\t\t\t\t\t\t\t\t\t\t\t<span class=\"elementor-icon-list-icon\">\n\t\t\t\t\t\t\t<svg aria-hidden=\"true\" class=\"e-font-icon-svg e-fas-chevron-right\" viewBox=\"0 0 320 512\" xmlns=\"http:\/\/www.w3.org\/2000\/svg\"><path d=\"M285.476 272.971L91.132 467.314c-9.373 9.373-24.569 9.373-33.941 0l-22.667-22.667c-9.357-9.357-9.375-24.522-.04-33.901L188.505 256 34.484 101.255c-9.335-9.379-9.317-24.544.04-33.901l22.667-22.667c9.373-9.373 24.569-9.373 33.941 0L285.475 239.03c9.373 9.372 9.373 24.568.001 33.941z\"><\/path><\/svg>\t\t\t\t\t\t<\/span>\n\t\t\t\t\t\t\t\t\t\t<span class=\"elementor-icon-list-text\">Pueblos de A Arnoia<\/span>\n\t\t\t\t\t\t\t\t\t<\/li>\n\t\t\t\t\t\t<\/ul>\n\t\t\t\t\t\t<\/div>\n\t\t\t\t<\/div>\n\t\t\t\t\t<\/div>\n\t\t<\/div>\n\t\t\t\t\t<\/div>\n\t\t<\/section>\n\t\t<div class=\"elementor-element elementor-element-bfa7acd e-flex e-con-boxed e-con e-parent\" data-id=\"bfa7acd\" data-element_type=\"container\" data-e-type=\"container\">\n\t\t\t\t\t<div class=\"e-con-inner\">\n\t\t\t\t<div class=\"elementor-element elementor-element-cc7ee10 elementor-widget elementor-widget-heading\" data-id=\"cc7ee10\" data-element_type=\"widget\" data-e-type=\"widget\" data-widget_type=\"heading.default\">\n\t\t\t\t<div class=\"elementor-widget-container\">\n\t\t\t\t\t<h2 class=\"elementor-heading-title elementor-size-default\">Pueblos de A Arnoia<\/h2>\t\t\t\t<\/div>\n\t\t\t\t<\/div>\n\t\t\t\t<div class=\"elementor-element elementor-element-4143e3a elementor-widget elementor-widget-text-editor\" data-id=\"4143e3a\" data-element_type=\"widget\" data-e-type=\"widget\" data-widget_type=\"text-editor.default\">\n\t\t\t\t<div class=\"elementor-widget-container\">\n\t\t\t\t\t\t\t\t\t<p>El Ayuntamiento A Arnoia tan s\u00f3lo tiene <strong>una parroquia<\/strong>, la de San Salvador de Arnoia, pudiendo distinguir adem\u00e1s <strong>20 entidades singulares de poblaci\u00f3n.<\/strong> Estas son:<\/p>\n\t\t\t\t\t\t\t\t<\/div>\n\t\t\t\t<\/div>\n\t\t\t\t\t<\/div>\n\t\t\t\t<\/div>\n\t\t<div class=\"elementor-element elementor-element-c3c929d e-flex e-con-boxed e-con e-parent\" data-id=\"c3c929d\" data-element_type=\"container\" data-e-type=\"container\">\n\t\t\t\t\t<div class=\"e-con-inner\">\n\t\t<div class=\"elementor-element elementor-element-3d9b3c4 e-con-full e-flex e-con e-child\" data-id=\"3d9b3c4\" data-element_type=\"container\" data-e-type=\"container\">\n\t\t\t\t<div class=\"elementor-element elementor-element-970f3fb elementor-widget elementor-widget-shortcode\" data-id=\"970f3fb\" data-element_type=\"widget\" data-e-type=\"widget\" data-widget_type=\"shortcode.default\">\n\t\t\t\t<div class=\"elementor-widget-container\">\n\t\t\t\t\t\t\t<div class=\"elementor-shortcode\"><div id=\"wpgmza_map\" class=\"wpgmza_map\" data-settings='{\"id\":\"1\",\"map_title\":\"Mapa Concello de A Arnoia\",\"map_width\":\"100\",\"map_height\":\"400\",\"map_start_lat\":\"42.25236954411548\",\"map_start_lng\":\"-8.143480813629097\",\"map_start_location\":\"45.950464398418106,-109.81550500000003\",\"map_start_zoom\":\"13\",\"default_marker\":\"\",\"type\":\"0\",\"alignment\":\"4\",\"directions_enabled\":\"0\",\"styling_enabled\":\"0\",\"styling_json\":\"\",\"active\":\"0\",\"kml\":\"\",\"bicycle\":\"0\",\"traffic\":\"0\",\"dbox\":\"0\",\"dbox_width\":\"\",\"listmarkers\":\"0\",\"listmarkers_advanced\":\"0\",\"filterbycat\":\"0\",\"ugm_enabled\":\"0\",\"ugm_category_enabled\":\"0\",\"fusion\":\"\",\"map_width_type\":\"%\",\"map_height_type\":\"px\",\"mass_marker_support\":\"0\",\"ugm_access\":\"0\",\"order_markers_by\":\"0\",\"order_markers_choice\":\"0\",\"show_user_location\":\"0\",\"default_to\":\"\",\"other_settings\":{\"map_type\":1,\"sl_stroke_color\":\"\",\"sl_fill_color\":\"\",\"sl_stroke_opacity\":\"\",\"sl_fill_opacity\":\"\",\"transport_layer\":false,\"action\":\"wpgmza_save_map\",\"redirect_to\":\"\\\/wp-admin\\\/admin-post.php\",\"map_id\":\"1\",\"http_referer\":\"\\\/wp-admin\\\/admin.php?page=wp-google-maps-menu&amp;amp;action=edit&amp;amp;map_id=1\",\"wpgmza_id\":\"1\",\"wpgmza_start_location\":\"42.25236954411548,-8.143480813629097\",\"wpgmza_start_zoom\":\"14\",\"store_locator_enabled\":false,\"store_locator_search_area\":\"radial\",\"wpgmza_store_locator_radius_style\":\"legacy\",\"wpgmza_store_locator_default_radius\":\"10\",\"store_locator_auto_area_max_zoom\":\"\",\"store_locator_distance\":false,\"wpgmza_store_locator_position\":false,\"store_locator_show_distance\":false,\"store_locator_category\":false,\"wpgmza_store_locator_use_their_location\":false,\"wpgmza_store_locator_bounce\":false,\"wpgmza_sl_animation\":null,\"wpgmza_store_locator_hide_before_search\":false,\"store_locator_query_string\":\"\",\"store_locator_location_placeholder\":\"\",\"store_locator_default_address\":\"\",\"store_locator_name_search\":false,\"store_locator_name_string\":\"\",\"store_locator_not_found_message\":\"\",\"wpgmza_map_align\":\"1\",\"jump_to_nearest_marker_on_initialization\":false,\"automatically_pan_to_users_location\":false,\"override_users_location_zoom_level\":false,\"override_users_location_zoom_levels\":\"\",\"show_distance_from_location\":false,\"map_max_zoom\":\"21\",\"map_min_zoom\":\"0\",\"click_open_link\":false,\"fit_maps_bounds_to_markers\":false,\"fit_maps_bounds_to_markers_after_filtering\":false,\"hide_point_of_interest\":false,\"wpgmza_zoom_on_marker_click\":false,\"wpgmza_zoom_on_marker_click_slider\":\"\",\"close_infowindow_on_map_click\":false,\"disable_lightbox_images\":false,\"use_Raw_Jpeg_Coordinates\":false,\"disable_polygon_info_windows\":false,\"enable_marker_ratings\":false,\"only_load_markers_within_viewport\":false,\"iw_primary_color\":\"#000000\",\"iw_accent_color\":\"#000000\",\"iw_text_color\":\"#000000\",\"wpgmza_listmarkers_by\":\"0\",\"wpgmza_marker_listing_position\":false,\"zoom_level_on_marker_listing_override\":false,\"zoom_level_on_marker_listing_click\":\"\",\"marker_listing_disable_zoom\":false,\"datatable_no_result_message\":\"\",\"remove_search_box_datables\":false,\"dataTable_pagination_style\":null,\"datatable_search_string\":\"\",\"datatable_result_start\":\"\",\"datatable_result_of\":\"\",\"datatable_result_to\":\"\",\"datatable_result_total\":\"\",\"datatable_result_show\":\"\",\"datatable_result_entries\":\"\",\"wpgmza_savemap\":\"Guardar Mapa \\u00bb\"}}' data-map-id='1' Data-maps-engine='open-layers' data-shortcode-attributes='{\"id\":\"1\"}' style=\"display:block; overflow:auto; width:100%; height:400px; float:left;\"><\/div><\/div>\n\t\t\t\t\t\t<\/div>\n\t\t\t\t<\/div>\n\t\t\t\t<\/div>\n\t\t\t\t\t<\/div>\n\t\t\t\t<\/div>\n\t\t\t\t<\/div>\n\t\t","protected":false},"excerpt":{"rendered":"<p>Pueblos de A Arnoia Inicio Pueblos de A Arnoia Pueblos de A Arnoia El Ayuntamiento A Arnoia tan s\u00f3lo tiene una parroquia, la de San Salvador de Arnoia, pudiendo distinguir adem\u00e1s 20 entidades singulares de poblaci\u00f3n. Estas son:<\/p>\n","protected":false},"author":1,"featured_media":0,"parent":0,"menu_order":0,"comment_status":"closed","ping_status":"closed","template":"","meta":{"site-sidebar-layout":"no-sidebar","site-content-layout":"","ast-site-content-layout":"full-width-container","site-content-style":"default","site-sidebar-style":"default","ast-global-header-display":"","ast-banner-title-visibility":"","ast-main-header-display":"","ast-hfb-above-header-display":"","ast-hfb-below-header-display":"","ast-hfb-mobile-header-display":"","site-post-title":"disabled","ast-breadcrumbs-content":"","ast-featured-img":"disabled","footer-sml-layout":"","ast-disable-related-posts":"","theme-transparent-header-meta":"","adv-header-id-meta":"","stick-header-meta":"","header-above-stick-meta":"","header-main-stick-meta":"","header-below-stick-meta":"","astra-migrate-meta-layouts":"default","ast-page-background-enabled":"default","ast-page-background-meta":{"desktop":{"background-color":"var(--ast-global-color-4)","background-image":"","background-repeat":"repeat","background-position":"center center","background-size":"auto","background-attachment":"scroll","background-type":"","background-media":"","overlay-type":"","overlay-color":"","overlay-opacity":"","overlay-gradient":""},"tablet":{"background-color":"","background-image":"","background-repeat":"repeat","background-position":"center center","background-size":"auto","background-attachment":"scroll","background-type":"","background-media":"","overlay-type":"","overlay-color":"","overlay-opacity":"","overlay-gradient":""},"mobile":{"background-color":"","background-image":"","background-repeat":"repeat","background-position":"center center","background-size":"auto","background-attachment":"scroll","background-type":"","background-media":"","overlay-type":"","overlay-color":"","overlay-opacity":"","overlay-gradient":""}},"ast-content-background-meta":{"desktop":{"background-color":"var(--ast-global-color-5)","background-image":"","background-repeat":"repeat","background-position":"center center","background-size":"auto","background-attachment":"scroll","background-type":"","background-media":"","overlay-type":"","overlay-color":"","overlay-opacity":"","overlay-gradient":""},"tablet":{"background-color":"var(--ast-global-color-5)","background-image":"","background-repeat":"repeat","background-position":"center center","background-size":"auto","background-attachment":"scroll","background-type":"","background-media":"","overlay-type":"","overlay-color":"","overlay-opacity":"","overlay-gradient":""},"mobile":{"background-color":"var(--ast-global-color-5)","background-image":"","background-repeat":"repeat","background-position":"center center","background-size":"auto","background-attachment":"scroll","background-type":"","background-media":"","overlay-type":"","overlay-color":"","overlay-opacity":"","overlay-gradient":""}},"footnotes":""},"class_list":["post-5103","page","type-page","status-publish","hentry"],"yoast_head":"<!-- This site is optimized with the Yoast SEO Premium plugin v22.2 (Yoast SEO v27.4) - https:\/\/yoast.com\/product\/yoast-seo-premium-wordpress\/ -->\n<title>Pueblos de A Arnoia - Concello de A Arnoia<\/title>\n<meta name=\"robots\" content=\"index, follow, max-snippet:-1, max-image-preview:large, max-video-preview:-1\" \/>\n<link rel=\"canonical\" href=\"https:\/\/arnoia.socomunicacion.com\/pobos-de-arnoia\/\" \/>\n<meta property=\"og:locale\" content=\"es_ES\" \/>\n<meta property=\"og:type\" content=\"article\" \/>\n<meta property=\"og:title\" content=\"Pueblos de A Arnoia\" \/>\n<meta property=\"og:description\" content=\"Pueblos de A Arnoia Inicio Pueblos de A Arnoia Pueblos de A Arnoia El Ayuntamiento A Arnoia tan s\u00f3lo tiene una parroquia, la de San Salvador de Arnoia, pudiendo distinguir adem\u00e1s 20 entidades singulares de poblaci\u00f3n. Estas son:\" \/>\n<meta property=\"og:url\" content=\"https:\/\/arnoia.socomunicacion.com\/pobos-de-arnoia\/\" \/>\n<meta property=\"og:site_name\" content=\"Concello de A Arnoia\" \/>\n<meta property=\"article:publisher\" content=\"https:\/\/www.facebook.com\/ConcellodeArnoia\" \/>\n<meta property=\"article:modified_time\" content=\"2024-03-21T10:05:17+00:00\" \/>\n<meta property=\"og:image\" content=\"https:\/\/arnoia.es\/wp-content\/uploads\/2023\/12\/cropped-logo-transparent-concello-de-a-arnoia.png\" \/>\n\t<meta property=\"og:image:width\" content=\"512\" \/>\n\t<meta property=\"og:image:height\" content=\"512\" \/>\n\t<meta property=\"og:image:type\" content=\"image\/png\" \/>\n<meta name=\"twitter:card\" content=\"summary_large_image\" \/>\n<meta name=\"twitter:site\" content=\"@ConcelloArnoia\" \/>\n<meta name=\"twitter:label1\" content=\"Tiempo de lectura\" \/>\n\t<meta name=\"twitter:data1\" content=\"1 minuto\" \/>\n<script type=\"application\/ld+json\" class=\"yoast-schema-graph\">{\"@context\":\"https:\\\/\\\/schema.org\",\"@graph\":[{\"@type\":\"WebPage\",\"@id\":\"https:\\\/\\\/arnoia.es\\\/es\\\/pueblos-de-a-arnoia\\\/\",\"url\":\"https:\\\/\\\/arnoia.socomunicacion.com\\\/pobos-de-arnoia\\\/\",\"name\":\"Pueblos de A Arnoia - Concello de A Arnoia\",\"isPartOf\":{\"@id\":\"https:\\\/\\\/arnoia.es\\\/#website\"},\"datePublished\":\"2024-01-04T09:21:56+00:00\",\"dateModified\":\"2024-03-21T10:05:17+00:00\",\"breadcrumb\":{\"@id\":\"https:\\\/\\\/arnoia.socomunicacion.com\\\/pobos-de-arnoia\\\/#breadcrumb\"},\"inLanguage\":\"es\",\"potentialAction\":[{\"@type\":\"ReadAction\",\"target\":[\"https:\\\/\\\/arnoia.socomunicacion.com\\\/pobos-de-arnoia\\\/\"]}]},{\"@type\":\"BreadcrumbList\",\"@id\":\"https:\\\/\\\/arnoia.socomunicacion.com\\\/pobos-de-arnoia\\\/#breadcrumb\",\"itemListElement\":[{\"@type\":\"ListItem\",\"position\":1,\"name\":\"Inicio\",\"item\":\"https:\\\/\\\/arnoia.es\\\/\"},{\"@type\":\"ListItem\",\"position\":2,\"name\":\"Pueblos de A Arnoia\"}]},{\"@type\":\"WebSite\",\"@id\":\"https:\\\/\\\/arnoia.es\\\/#website\",\"url\":\"https:\\\/\\\/arnoia.es\\\/\",\"name\":\"Concello de A Arnoia\",\"description\":\"\",\"publisher\":{\"@id\":\"https:\\\/\\\/arnoia.es\\\/#organization\"},\"potentialAction\":[{\"@type\":\"SearchAction\",\"target\":{\"@type\":\"EntryPoint\",\"urlTemplate\":\"https:\\\/\\\/arnoia.es\\\/?s={search_term_string}\"},\"query-input\":{\"@type\":\"PropertyValueSpecification\",\"valueRequired\":true,\"valueName\":\"search_term_string\"}}],\"inLanguage\":\"es\"},{\"@type\":\"Organization\",\"@id\":\"https:\\\/\\\/arnoia.es\\\/#organization\",\"name\":\"Concello de A Arnoia\",\"url\":\"https:\\\/\\\/arnoia.es\\\/\",\"logo\":{\"@type\":\"ImageObject\",\"inLanguage\":\"es\",\"@id\":\"https:\\\/\\\/arnoia.es\\\/#\\\/schema\\\/logo\\\/image\\\/\",\"url\":\"https:\\\/\\\/arnoia.es\\\/wp-content\\\/uploads\\\/2023\\\/12\\\/cropped-logo-transparent-concello-de-a-arnoia.png\",\"contentUrl\":\"https:\\\/\\\/arnoia.es\\\/wp-content\\\/uploads\\\/2023\\\/12\\\/cropped-logo-transparent-concello-de-a-arnoia.png\",\"width\":512,\"height\":512,\"caption\":\"Concello de A Arnoia\"},\"image\":{\"@id\":\"https:\\\/\\\/arnoia.es\\\/#\\\/schema\\\/logo\\\/image\\\/\"},\"sameAs\":[\"https:\\\/\\\/www.facebook.com\\\/ConcellodeArnoia\",\"https:\\\/\\\/x.com\\\/ConcelloArnoia\",\"https:\\\/\\\/www.instagram.com\\\/concellodearnoia\\\/?hl=es\"],\"email\":\"info@arnoia.es\",\"telephone\":\"988 48 69 00\"}]}<\/script>\n<!-- \/ Yoast SEO Premium plugin. -->","yoast_head_json":{"title":"Pueblos de A Arnoia - Concello de A Arnoia","robots":{"index":"index","follow":"follow","max-snippet":"max-snippet:-1","max-image-preview":"max-image-preview:large","max-video-preview":"max-video-preview:-1"},"canonical":"https:\/\/arnoia.socomunicacion.com\/pobos-de-arnoia\/","og_locale":"es_ES","og_type":"article","og_title":"Pueblos de A Arnoia","og_description":"Pueblos de A Arnoia Inicio Pueblos de A Arnoia Pueblos de A Arnoia El Ayuntamiento A Arnoia tan s\u00f3lo tiene una parroquia, la de San Salvador de Arnoia, pudiendo distinguir adem\u00e1s 20 entidades singulares de poblaci\u00f3n. Estas son:","og_url":"https:\/\/arnoia.socomunicacion.com\/pobos-de-arnoia\/","og_site_name":"Concello de A Arnoia","article_publisher":"https:\/\/www.facebook.com\/ConcellodeArnoia","article_modified_time":"2024-03-21T10:05:17+00:00","og_image":[{"width":512,"height":512,"url":"https:\/\/arnoia.es\/wp-content\/uploads\/2023\/12\/cropped-logo-transparent-concello-de-a-arnoia.png","type":"image\/png"}],"twitter_card":"summary_large_image","twitter_site":"@ConcelloArnoia","twitter_misc":{"Tiempo de lectura":"1 minuto"},"schema":{"@context":"https:\/\/schema.org","@graph":[{"@type":"WebPage","@id":"https:\/\/arnoia.es\/es\/pueblos-de-a-arnoia\/","url":"https:\/\/arnoia.socomunicacion.com\/pobos-de-arnoia\/","name":"Pueblos de A Arnoia - Concello de A Arnoia","isPartOf":{"@id":"https:\/\/arnoia.es\/#website"},"datePublished":"2024-01-04T09:21:56+00:00","dateModified":"2024-03-21T10:05:17+00:00","breadcrumb":{"@id":"https:\/\/arnoia.socomunicacion.com\/pobos-de-arnoia\/#breadcrumb"},"inLanguage":"es","potentialAction":[{"@type":"ReadAction","target":["https:\/\/arnoia.socomunicacion.com\/pobos-de-arnoia\/"]}]},{"@type":"BreadcrumbList","@id":"https:\/\/arnoia.socomunicacion.com\/pobos-de-arnoia\/#breadcrumb","itemListElement":[{"@type":"ListItem","position":1,"name":"Inicio","item":"https:\/\/arnoia.es\/"},{"@type":"ListItem","position":2,"name":"Pueblos de A Arnoia"}]},{"@type":"WebSite","@id":"https:\/\/arnoia.es\/#website","url":"https:\/\/arnoia.es\/","name":"Concello de A Arnoia","description":"","publisher":{"@id":"https:\/\/arnoia.es\/#organization"},"potentialAction":[{"@type":"SearchAction","target":{"@type":"EntryPoint","urlTemplate":"https:\/\/arnoia.es\/?s={search_term_string}"},"query-input":{"@type":"PropertyValueSpecification","valueRequired":true,"valueName":"search_term_string"}}],"inLanguage":"es"},{"@type":"Organization","@id":"https:\/\/arnoia.es\/#organization","name":"Concello de A Arnoia","url":"https:\/\/arnoia.es\/","logo":{"@type":"ImageObject","inLanguage":"es","@id":"https:\/\/arnoia.es\/#\/schema\/logo\/image\/","url":"https:\/\/arnoia.es\/wp-content\/uploads\/2023\/12\/cropped-logo-transparent-concello-de-a-arnoia.png","contentUrl":"https:\/\/arnoia.es\/wp-content\/uploads\/2023\/12\/cropped-logo-transparent-concello-de-a-arnoia.png","width":512,"height":512,"caption":"Concello de A Arnoia"},"image":{"@id":"https:\/\/arnoia.es\/#\/schema\/logo\/image\/"},"sameAs":["https:\/\/www.facebook.com\/ConcellodeArnoia","https:\/\/x.com\/ConcelloArnoia","https:\/\/www.instagram.com\/concellodearnoia\/?hl=es"],"email":"info@arnoia.es","telephone":"988 48 69 00"}]}},"_links":{"self":[{"href":"https:\/\/arnoia.es\/es\/wp-json\/wp\/v2\/pages\/5103","targetHints":{"allow":["GET"]}}],"collection":[{"href":"https:\/\/arnoia.es\/es\/wp-json\/wp\/v2\/pages"}],"about":[{"href":"https:\/\/arnoia.es\/es\/wp-json\/wp\/v2\/types\/page"}],"author":[{"embeddable":true,"href":"https:\/\/arnoia.es\/es\/wp-json\/wp\/v2\/users\/1"}],"replies":[{"embeddable":true,"href":"https:\/\/arnoia.es\/es\/wp-json\/wp\/v2\/comments?post=5103"}],"version-history":[{"count":1,"href":"https:\/\/arnoia.es\/es\/wp-json\/wp\/v2\/pages\/5103\/revisions"}],"predecessor-version":[{"id":5104,"href":"https:\/\/arnoia.es\/es\/wp-json\/wp\/v2\/pages\/5103\/revisions\/5104"}],"wp:attachment":[{"href":"https:\/\/arnoia.es\/es\/wp-json\/wp\/v2\/media?parent=5103"}],"curies":[{"name":"wp","href":"https:\/\/api.w.org\/{rel}","templated":true}]}}