{"id":5121,"date":"2024-02-13T10:36:09","date_gmt":"2024-02-13T09:36:09","guid":{"rendered":"https:\/\/arnoia.socomunicacion.com\/aviso-legal-y-politica-de-privacidad\/"},"modified":"2024-02-27T13:33:41","modified_gmt":"2024-02-27T12:33:41","slug":"aviso-legal-y-politica-de-privacidad","status":"publish","type":"page","link":"https:\/\/arnoia.es\/es\/aviso-legal-y-politica-de-privacidad\/","title":{"rendered":"Aviso legal y pol\u00edtica de privacidad"},"content":{"rendered":"<style>.elementor-5121 .elementor-element.elementor-element-1f2d3a4f > .elementor-container{max-width:1170px;}.elementor-5121 .elementor-element.elementor-element-1f2d3a4f:not(.elementor-motion-effects-element-type-background), .elementor-5121 .elementor-element.elementor-element-1f2d3a4f > .elementor-motion-effects-container > .elementor-motion-effects-layer{background-image:url(\"https:\/\/arnoia.es\/wp-content\/uploads\/2023\/12\/concello-de-a-arnoia.jpeg\");background-position:0px 38%;background-repeat:no-repeat;background-size:cover;}.elementor-5121 .elementor-element.elementor-element-1f2d3a4f > .elementor-background-overlay{background-color:#121212;opacity:0.4;transition:background 0.3s, border-radius 0.3s, opacity 0.3s;}.elementor-5121 .elementor-element.elementor-element-1f2d3a4f{transition:background 0.3s, border 0.3s, border-radius 0.3s, box-shadow 0.3s;padding:280px 0px 150px 0px;z-index:0;}.elementor-5121 .elementor-element.elementor-element-431d7bb9{text-align:center;}.elementor-5121 .elementor-element.elementor-element-431d7bb9 .elementor-heading-title{font-family:var( --e-global-typography-secondary-font-family ), Sans-serif;font-weight:var( --e-global-typography-secondary-font-weight );color:#FFFFFF;}.elementor-5121 .elementor-element.elementor-element-3fa941d .elementor-icon-list-items:not(.elementor-inline-items) .elementor-icon-list-item:not(:last-child){padding-block-end:calc(5px\/2);}.elementor-5121 .elementor-element.elementor-element-3fa941d .elementor-icon-list-items:not(.elementor-inline-items) .elementor-icon-list-item:not(:first-child){margin-block-start:calc(5px\/2);}.elementor-5121 .elementor-element.elementor-element-3fa941d .elementor-icon-list-items.elementor-inline-items .elementor-icon-list-item{margin-inline:calc(5px\/2);}.elementor-5121 .elementor-element.elementor-element-3fa941d .elementor-icon-list-items.elementor-inline-items{margin-inline:calc(-5px\/2);}.elementor-5121 .elementor-element.elementor-element-3fa941d .elementor-icon-list-items.elementor-inline-items .elementor-icon-list-item:after{inset-inline-end:calc(-5px\/2);}.elementor-5121 .elementor-element.elementor-element-3fa941d .elementor-icon-list-icon i{color:var( --e-global-color-secondary );transition:color 0.3s;}.elementor-5121 .elementor-element.elementor-element-3fa941d .elementor-icon-list-icon svg{fill:var( --e-global-color-secondary );transition:fill 0.3s;}.elementor-5121 .elementor-element.elementor-element-3fa941d{--e-icon-list-icon-size:14px;--icon-vertical-offset:0px;}.elementor-5121 .elementor-element.elementor-element-3fa941d .elementor-icon-list-text{color:#FFFFFF;transition:color 0.3s;}.elementor-5121 .elementor-element.elementor-element-3fa941d > .elementor-widget-container{margin:-5px 0px 0px 0px;}.elementor-5121 .elementor-element.elementor-element-2a5d4b3{--display:flex;--flex-direction:row;--container-widget-width:initial;--container-widget-height:100%;--container-widget-flex-grow:1;--container-widget-align-self:stretch;--flex-wrap-mobile:wrap;}.elementor-5121 .elementor-element.elementor-element-9262a78 > .elementor-widget-container{margin:46px 0px 0px 0px;}@media(max-width:1024px){.elementor-5121 .elementor-element.elementor-element-1f2d3a4f:not(.elementor-motion-effects-element-type-background), .elementor-5121 .elementor-element.elementor-element-1f2d3a4f > .elementor-motion-effects-container > .elementor-motion-effects-layer{background-position:0px 0px;}.elementor-5121 .elementor-element.elementor-element-1f2d3a4f{padding:200px 10px 130px 10px;}}@media(max-width:767px){.elementor-5121 .elementor-element.elementor-element-1f2d3a4f:not(.elementor-motion-effects-element-type-background), .elementor-5121 .elementor-element.elementor-element-1f2d3a4f > .elementor-motion-effects-container > .elementor-motion-effects-layer{background-position:center center;}.elementor-5121 .elementor-element.elementor-element-1f2d3a4f{padding:160px 0px 80px 0px;}}<\/style>\t\t<div data-elementor-type=\"wp-page\" data-elementor-id=\"5121\" class=\"elementor elementor-5121 elementor-4653\" data-elementor-post-type=\"page\">\n\t\t\t\t\t\t<section class=\"elementor-section elementor-top-section elementor-element elementor-element-1f2d3a4f elementor-section-boxed elementor-section-height-default elementor-section-height-default\" data-id=\"1f2d3a4f\" data-element_type=\"section\" data-e-type=\"section\" data-settings=\"{&quot;background_background&quot;:&quot;classic&quot;}\">\n\t\t\t\t\t\t\t<div class=\"elementor-background-overlay\"><\/div>\n\t\t\t\t\t\t\t<div class=\"elementor-container elementor-column-gap-default\">\n\t\t\t\t\t<div class=\"elementor-column elementor-col-100 elementor-top-column elementor-element elementor-element-757e552\" data-id=\"757e552\" data-element_type=\"column\" data-e-type=\"column\">\n\t\t\t<div class=\"elementor-widget-wrap elementor-element-populated\">\n\t\t\t\t\t\t<div class=\"elementor-element elementor-element-431d7bb9 elementor-widget elementor-widget-heading\" data-id=\"431d7bb9\" data-element_type=\"widget\" data-e-type=\"widget\" data-widget_type=\"heading.default\">\n\t\t\t\t<div class=\"elementor-widget-container\">\n\t\t\t\t\t<h2 class=\"elementor-heading-title elementor-size-default\">Aviso legal y pol\u00edtica de privacidad<\/h2>\t\t\t\t<\/div>\n\t\t\t\t<\/div>\n\t\t\t\t<div class=\"elementor-element elementor-element-3fa941d elementor-icon-list--layout-inline elementor-align-center elementor-list-item-link-full_width elementor-widget elementor-widget-icon-list\" data-id=\"3fa941d\" data-element_type=\"widget\" data-e-type=\"widget\" data-widget_type=\"icon-list.default\">\n\t\t\t\t<div class=\"elementor-widget-container\">\n\t\t\t\t\t\t\t<ul class=\"elementor-icon-list-items elementor-inline-items\">\n\t\t\t\t\t\t\t<li class=\"elementor-icon-list-item elementor-inline-item\">\n\t\t\t\t\t\t\t\t\t\t<span class=\"elementor-icon-list-text\">Inicio<\/span>\n\t\t\t\t\t\t\t\t\t<\/li>\n\t\t\t\t\t\t\t\t<li class=\"elementor-icon-list-item elementor-inline-item\">\n\t\t\t\t\t\t\t\t\t\t\t<span class=\"elementor-icon-list-icon\">\n\t\t\t\t\t\t\t<svg aria-hidden=\"true\" class=\"e-font-icon-svg e-fas-chevron-right\" viewBox=\"0 0 320 512\" xmlns=\"http:\/\/www.w3.org\/2000\/svg\"><path d=\"M285.476 272.971L91.132 467.314c-9.373 9.373-24.569 9.373-33.941 0l-22.667-22.667c-9.357-9.357-9.375-24.522-.04-33.901L188.505 256 34.484 101.255c-9.335-9.379-9.317-24.544.04-33.901l22.667-22.667c9.373-9.373 24.569-9.373 33.941 0L285.475 239.03c9.373 9.372 9.373 24.568.001 33.941z\"><\/path><\/svg>\t\t\t\t\t\t<\/span>\n\t\t\t\t\t\t\t\t\t\t<span class=\"elementor-icon-list-text\">Aviso legal y pol\u00edtica de privacidad<\/span>\n\t\t\t\t\t\t\t\t\t<\/li>\n\t\t\t\t\t\t<\/ul>\n\t\t\t\t\t\t<\/div>\n\t\t\t\t<\/div>\n\t\t\t\t\t<\/div>\n\t\t<\/div>\n\t\t\t\t\t<\/div>\n\t\t<\/section>\n\t\t<div class=\"elementor-element elementor-element-2a5d4b3 e-flex e-con-boxed e-con e-parent\" data-id=\"2a5d4b3\" data-element_type=\"container\" data-e-type=\"container\">\n\t\t\t\t\t<div class=\"e-con-inner\">\n\t\t\t\t<div class=\"elementor-element elementor-element-9262a78 elementor-widget elementor-widget-text-editor\" data-id=\"9262a78\" data-element_type=\"widget\" data-e-type=\"widget\" data-widget_type=\"text-editor.default\">\n\t\t\t\t<div class=\"elementor-widget-container\">\n\t\t\t\t\t\t\t\t\t<h2>Dominio<\/h2>\n<p>El Ayuntamiento de Arnoia es el titular del siguiente dominio: <a href=\"http:\/\/arnoia.es\/\" target=\"blank\">arnoia.es<\/a><\/p>\n<h2>Protecci\u00f3n de datos<\/h2>\n<p>El Ayuntamiento de Arnoia adopt\u00f3 los niveles de seguridad de protecci\u00f3n de los datos personales legalmente requeridos, e instal\u00f3 los medios y medidas t\u00e9cnicas su alcance para evitar la p\u00e9rda, mal uso, alteraci\u00f3n, acceso no autorizado y robo de los datos personales facilitados. A pesar de iso, el usuario tiene que ser consciente de que las medidas de seguridad en Internet en lo son inexpugnables.<\/p>\n<p>El Ayuntamiento de Arnoia, garantiza la confidencialidad de los datos de car\u00e1cter personal facilitados por los usuarios y su tratamiento automatizado de acuerdo a la legislaci\u00f3n vigente sobre protecci\u00f3n de datos de car\u00e1cter personal (Ley Org\u00e1nica 15\/99, de 13 de diciembre, de Protecci\u00f3n de Datos de Car\u00e1cter Personal, el Real Decreto 994\/1999, de 11 de junio, por lo que si aprueba el Reglamento de medidas de seguridad de los archivos automatizados que contengan datos de car\u00e1cter personal, as\u00ed como toda la normativa aplicable en esta materia.<\/p>\n<p>El interesado podr\u00e1 ejercer sus derechos de acceso, rectificaci\u00f3n, cancelaci\u00f3n y oposici\u00f3n, en los ten\u00e9rmelos establecidos en la legislaci\u00f3n aplicable, por escrito dirigido al Ayuntamiento de Arnoia.<\/p>\n<p>En ning\u00fan caso el Ayuntamiento de Arnoia utilizar\u00e1 los datos personales para otro fin que en lo sea establecer contacto con el usuario, cuando el motivo as\u00ed lo requiera.<\/p>\n<h2>Derechos y responsabilidades<\/h2>\n<p>El Ayuntamiento de Arnoia es titular de los derechos de propiedad intelectual del dise\u00f1o y c\u00f3digos que si recogen en los dominios de Internet mencionados arriba, excepto que si haga referencia expresa en sentido contrario.<\/p>\n<p>El usuario reconoce y acepta que el uso de los contenidos y servicios ofrecidos por el Ayuntamiento de Arnoia en su web se realiza bajo su \u00fanico y exclusivo riesgo y responsabilidad.<\/p>\n\t\t\t\t\t\t\t\t<\/div>\n\t\t\t\t<\/div>\n\t\t\t\t\t<\/div>\n\t\t\t\t<\/div>\n\t\t\t\t<\/div>\n\t\t","protected":false},"excerpt":{"rendered":"<p>Aviso legal y pol\u00edtica de privacidad Inicio Aviso legal y pol\u00edtica de privacidad Dominio El Ayuntamiento de Arnoia es el titular del siguiente dominio: arnoia.es Protecci\u00f3n de datos El Ayuntamiento de Arnoia adopt\u00f3 los niveles de seguridad de protecci\u00f3n de los datos personales legalmente requeridos, e instal\u00f3 los medios y medidas t\u00e9cnicas su alcance para [&hellip;]<\/p>\n","protected":false},"author":1,"featured_media":0,"parent":0,"menu_order":0,"comment_status":"closed","ping_status":"closed","template":"","meta":{"site-sidebar-layout":"no-sidebar","site-content-layout":"","ast-site-content-layout":"full-width-container","site-content-style":"default","site-sidebar-style":"default","ast-global-header-display":"","ast-banner-title-visibility":"","ast-main-header-display":"","ast-hfb-above-header-display":"","ast-hfb-below-header-display":"","ast-hfb-mobile-header-display":"","site-post-title":"disabled","ast-breadcrumbs-content":"","ast-featured-img":"disabled","footer-sml-layout":"","ast-disable-related-posts":"","theme-transparent-header-meta":"","adv-header-id-meta":"","stick-header-meta":"","header-above-stick-meta":"","header-main-stick-meta":"","header-below-stick-meta":"","astra-migrate-meta-layouts":"default","ast-page-background-enabled":"default","ast-page-background-meta":{"desktop":{"background-color":"var(--ast-global-color-4)","background-image":"","background-repeat":"repeat","background-position":"center center","background-size":"auto","background-attachment":"scroll","background-type":"","background-media":"","overlay-type":"","overlay-color":"","overlay-opacity":"","overlay-gradient":""},"tablet":{"background-color":"","background-image":"","background-repeat":"repeat","background-position":"center center","background-size":"auto","background-attachment":"scroll","background-type":"","background-media":"","overlay-type":"","overlay-color":"","overlay-opacity":"","overlay-gradient":""},"mobile":{"background-color":"","background-image":"","background-repeat":"repeat","background-position":"center center","background-size":"auto","background-attachment":"scroll","background-type":"","background-media":"","overlay-type":"","overlay-color":"","overlay-opacity":"","overlay-gradient":""}},"ast-content-background-meta":{"desktop":{"background-color":"var(--ast-global-color-5)","background-image":"","background-repeat":"repeat","background-position":"center center","background-size":"auto","background-attachment":"scroll","background-type":"","background-media":"","overlay-type":"","overlay-color":"","overlay-opacity":"","overlay-gradient":""},"tablet":{"background-color":"var(--ast-global-color-5)","background-image":"","background-repeat":"repeat","background-position":"center center","background-size":"auto","background-attachment":"scroll","background-type":"","background-media":"","overlay-type":"","overlay-color":"","overlay-opacity":"","overlay-gradient":""},"mobile":{"background-color":"var(--ast-global-color-5)","background-image":"","background-repeat":"repeat","background-position":"center center","background-size":"auto","background-attachment":"scroll","background-type":"","background-media":"","overlay-type":"","overlay-color":"","overlay-opacity":"","overlay-gradient":""}},"footnotes":""},"class_list":["post-5121","page","type-page","status-publish","hentry"],"yoast_head":"<!-- This site is optimized with the Yoast SEO Premium plugin v22.2 (Yoast SEO v27.4) - https:\/\/yoast.com\/product\/yoast-seo-premium-wordpress\/ -->\n<title>Aviso legal y pol\u00edtica de privacidad - Concello de A Arnoia<\/title>\n<meta name=\"robots\" content=\"index, follow, max-snippet:-1, max-image-preview:large, max-video-preview:-1\" \/>\n<link rel=\"canonical\" href=\"https:\/\/arnoia.es\/aviso-legal-e-politica-de-privacidade\/\" \/>\n<meta property=\"og:locale\" content=\"es_ES\" \/>\n<meta property=\"og:type\" content=\"article\" \/>\n<meta property=\"og:title\" content=\"Aviso legal y pol\u00edtica de privacidad\" \/>\n<meta property=\"og:description\" content=\"Aviso legal y pol\u00edtica de privacidad Inicio Aviso legal y pol\u00edtica de privacidad Dominio El Ayuntamiento de Arnoia es el titular del siguiente dominio: arnoia.es Protecci\u00f3n de datos El Ayuntamiento de Arnoia adopt\u00f3 los niveles de seguridad de protecci\u00f3n de los datos personales legalmente requeridos, e instal\u00f3 los medios y medidas t\u00e9cnicas su alcance para [&hellip;]\" \/>\n<meta property=\"og:url\" content=\"https:\/\/arnoia.es\/aviso-legal-e-politica-de-privacidade\/\" \/>\n<meta property=\"og:site_name\" content=\"Concello de A Arnoia\" \/>\n<meta property=\"article:publisher\" content=\"https:\/\/www.facebook.com\/ConcellodeArnoia\" \/>\n<meta property=\"article:modified_time\" content=\"2024-02-27T12:33:41+00:00\" \/>\n<meta property=\"og:image\" content=\"https:\/\/arnoia.es\/wp-content\/uploads\/2023\/12\/cropped-logo-transparent-concello-de-a-arnoia.png\" \/>\n\t<meta property=\"og:image:width\" content=\"512\" \/>\n\t<meta property=\"og:image:height\" content=\"512\" \/>\n\t<meta property=\"og:image:type\" content=\"image\/png\" \/>\n<meta name=\"twitter:card\" content=\"summary_large_image\" \/>\n<meta name=\"twitter:site\" content=\"@ConcelloArnoia\" \/>\n<meta name=\"twitter:label1\" content=\"Tiempo de lectura\" \/>\n\t<meta name=\"twitter:data1\" content=\"2 minutos\" \/>\n<script type=\"application\/ld+json\" class=\"yoast-schema-graph\">{\"@context\":\"https:\\\/\\\/schema.org\",\"@graph\":[{\"@type\":\"WebPage\",\"@id\":\"https:\\\/\\\/arnoia.es\\\/aviso-legal-e-politica-de-privacidade\\\/\",\"url\":\"https:\\\/\\\/arnoia.es\\\/aviso-legal-e-politica-de-privacidade\\\/\",\"name\":\"Aviso legal y pol\u00edtica de privacidad - Concello de A Arnoia\",\"isPartOf\":{\"@id\":\"https:\\\/\\\/arnoia.es\\\/#website\"},\"datePublished\":\"2024-02-13T09:36:09+00:00\",\"dateModified\":\"2024-02-27T12:33:41+00:00\",\"breadcrumb\":{\"@id\":\"https:\\\/\\\/arnoia.es\\\/aviso-legal-e-politica-de-privacidade\\\/#breadcrumb\"},\"inLanguage\":\"es\",\"potentialAction\":[{\"@type\":\"ReadAction\",\"target\":[\"https:\\\/\\\/arnoia.es\\\/aviso-legal-e-politica-de-privacidade\\\/\"]}]},{\"@type\":\"BreadcrumbList\",\"@id\":\"https:\\\/\\\/arnoia.es\\\/aviso-legal-e-politica-de-privacidade\\\/#breadcrumb\",\"itemListElement\":[{\"@type\":\"ListItem\",\"position\":1,\"name\":\"Inicio\",\"item\":\"https:\\\/\\\/arnoia.es\\\/\"},{\"@type\":\"ListItem\",\"position\":2,\"name\":\"Aviso legal y pol\u00edtica de privacidad\"}]},{\"@type\":\"WebSite\",\"@id\":\"https:\\\/\\\/arnoia.es\\\/#website\",\"url\":\"https:\\\/\\\/arnoia.es\\\/\",\"name\":\"Concello de A Arnoia\",\"description\":\"\",\"publisher\":{\"@id\":\"https:\\\/\\\/arnoia.es\\\/#organization\"},\"potentialAction\":[{\"@type\":\"SearchAction\",\"target\":{\"@type\":\"EntryPoint\",\"urlTemplate\":\"https:\\\/\\\/arnoia.es\\\/?s={search_term_string}\"},\"query-input\":{\"@type\":\"PropertyValueSpecification\",\"valueRequired\":true,\"valueName\":\"search_term_string\"}}],\"inLanguage\":\"es\"},{\"@type\":\"Organization\",\"@id\":\"https:\\\/\\\/arnoia.es\\\/#organization\",\"name\":\"Concello de A Arnoia\",\"url\":\"https:\\\/\\\/arnoia.es\\\/\",\"logo\":{\"@type\":\"ImageObject\",\"inLanguage\":\"es\",\"@id\":\"https:\\\/\\\/arnoia.es\\\/#\\\/schema\\\/logo\\\/image\\\/\",\"url\":\"https:\\\/\\\/arnoia.es\\\/wp-content\\\/uploads\\\/2023\\\/12\\\/cropped-logo-transparent-concello-de-a-arnoia.png\",\"contentUrl\":\"https:\\\/\\\/arnoia.es\\\/wp-content\\\/uploads\\\/2023\\\/12\\\/cropped-logo-transparent-concello-de-a-arnoia.png\",\"width\":512,\"height\":512,\"caption\":\"Concello de A Arnoia\"},\"image\":{\"@id\":\"https:\\\/\\\/arnoia.es\\\/#\\\/schema\\\/logo\\\/image\\\/\"},\"sameAs\":[\"https:\\\/\\\/www.facebook.com\\\/ConcellodeArnoia\",\"https:\\\/\\\/x.com\\\/ConcelloArnoia\",\"https:\\\/\\\/www.instagram.com\\\/concellodearnoia\\\/?hl=es\"],\"email\":\"info@arnoia.es\",\"telephone\":\"988 48 69 00\"}]}<\/script>\n<!-- \/ Yoast SEO Premium plugin. -->","yoast_head_json":{"title":"Aviso legal y pol\u00edtica de privacidad - Concello de A Arnoia","robots":{"index":"index","follow":"follow","max-snippet":"max-snippet:-1","max-image-preview":"max-image-preview:large","max-video-preview":"max-video-preview:-1"},"canonical":"https:\/\/arnoia.es\/aviso-legal-e-politica-de-privacidade\/","og_locale":"es_ES","og_type":"article","og_title":"Aviso legal y pol\u00edtica de privacidad","og_description":"Aviso legal y pol\u00edtica de privacidad Inicio Aviso legal y pol\u00edtica de privacidad Dominio El Ayuntamiento de Arnoia es el titular del siguiente dominio: arnoia.es Protecci\u00f3n de datos El Ayuntamiento de Arnoia adopt\u00f3 los niveles de seguridad de protecci\u00f3n de los datos personales legalmente requeridos, e instal\u00f3 los medios y medidas t\u00e9cnicas su alcance para [&hellip;]","og_url":"https:\/\/arnoia.es\/aviso-legal-e-politica-de-privacidade\/","og_site_name":"Concello de A Arnoia","article_publisher":"https:\/\/www.facebook.com\/ConcellodeArnoia","article_modified_time":"2024-02-27T12:33:41+00:00","og_image":[{"width":512,"height":512,"url":"https:\/\/arnoia.es\/wp-content\/uploads\/2023\/12\/cropped-logo-transparent-concello-de-a-arnoia.png","type":"image\/png"}],"twitter_card":"summary_large_image","twitter_site":"@ConcelloArnoia","twitter_misc":{"Tiempo de lectura":"2 minutos"},"schema":{"@context":"https:\/\/schema.org","@graph":[{"@type":"WebPage","@id":"https:\/\/arnoia.es\/aviso-legal-e-politica-de-privacidade\/","url":"https:\/\/arnoia.es\/aviso-legal-e-politica-de-privacidade\/","name":"Aviso legal y pol\u00edtica de privacidad - Concello de A Arnoia","isPartOf":{"@id":"https:\/\/arnoia.es\/#website"},"datePublished":"2024-02-13T09:36:09+00:00","dateModified":"2024-02-27T12:33:41+00:00","breadcrumb":{"@id":"https:\/\/arnoia.es\/aviso-legal-e-politica-de-privacidade\/#breadcrumb"},"inLanguage":"es","potentialAction":[{"@type":"ReadAction","target":["https:\/\/arnoia.es\/aviso-legal-e-politica-de-privacidade\/"]}]},{"@type":"BreadcrumbList","@id":"https:\/\/arnoia.es\/aviso-legal-e-politica-de-privacidade\/#breadcrumb","itemListElement":[{"@type":"ListItem","position":1,"name":"Inicio","item":"https:\/\/arnoia.es\/"},{"@type":"ListItem","position":2,"name":"Aviso legal y pol\u00edtica de privacidad"}]},{"@type":"WebSite","@id":"https:\/\/arnoia.es\/#website","url":"https:\/\/arnoia.es\/","name":"Concello de A Arnoia","description":"","publisher":{"@id":"https:\/\/arnoia.es\/#organization"},"potentialAction":[{"@type":"SearchAction","target":{"@type":"EntryPoint","urlTemplate":"https:\/\/arnoia.es\/?s={search_term_string}"},"query-input":{"@type":"PropertyValueSpecification","valueRequired":true,"valueName":"search_term_string"}}],"inLanguage":"es"},{"@type":"Organization","@id":"https:\/\/arnoia.es\/#organization","name":"Concello de A Arnoia","url":"https:\/\/arnoia.es\/","logo":{"@type":"ImageObject","inLanguage":"es","@id":"https:\/\/arnoia.es\/#\/schema\/logo\/image\/","url":"https:\/\/arnoia.es\/wp-content\/uploads\/2023\/12\/cropped-logo-transparent-concello-de-a-arnoia.png","contentUrl":"https:\/\/arnoia.es\/wp-content\/uploads\/2023\/12\/cropped-logo-transparent-concello-de-a-arnoia.png","width":512,"height":512,"caption":"Concello de A Arnoia"},"image":{"@id":"https:\/\/arnoia.es\/#\/schema\/logo\/image\/"},"sameAs":["https:\/\/www.facebook.com\/ConcellodeArnoia","https:\/\/x.com\/ConcelloArnoia","https:\/\/www.instagram.com\/concellodearnoia\/?hl=es"],"email":"info@arnoia.es","telephone":"988 48 69 00"}]}},"_links":{"self":[{"href":"https:\/\/arnoia.es\/es\/wp-json\/wp\/v2\/pages\/5121","targetHints":{"allow":["GET"]}}],"collection":[{"href":"https:\/\/arnoia.es\/es\/wp-json\/wp\/v2\/pages"}],"about":[{"href":"https:\/\/arnoia.es\/es\/wp-json\/wp\/v2\/types\/page"}],"author":[{"embeddable":true,"href":"https:\/\/arnoia.es\/es\/wp-json\/wp\/v2\/users\/1"}],"replies":[{"embeddable":true,"href":"https:\/\/arnoia.es\/es\/wp-json\/wp\/v2\/comments?post=5121"}],"version-history":[{"count":1,"href":"https:\/\/arnoia.es\/es\/wp-json\/wp\/v2\/pages\/5121\/revisions"}],"predecessor-version":[{"id":5122,"href":"https:\/\/arnoia.es\/es\/wp-json\/wp\/v2\/pages\/5121\/revisions\/5122"}],"wp:attachment":[{"href":"https:\/\/arnoia.es\/es\/wp-json\/wp\/v2\/media?parent=5121"}],"curies":[{"name":"wp","href":"https:\/\/api.w.org\/{rel}","templated":true}]}}