{"id":5129,"date":"2024-01-09T11:30:52","date_gmt":"2024-01-09T10:30:52","guid":{"rendered":"https:\/\/arnoia.socomunicacion.com\/rutas-cicloturismo\/"},"modified":"2024-02-27T13:47:06","modified_gmt":"2024-02-27T12:47:06","slug":"rutas-cicloturismo","status":"publish","type":"page","link":"https:\/\/arnoia.es\/es\/rutas-cicloturismo\/","title":{"rendered":"Rutas cicloturismo"},"content":{"rendered":"<style>.elementor-5129 .elementor-element.elementor-element-4b61b50 > .elementor-container{max-width:1170px;}.elementor-5129 .elementor-element.elementor-element-4b61b50:not(.elementor-motion-effects-element-type-background), .elementor-5129 .elementor-element.elementor-element-4b61b50 > .elementor-motion-effects-container > .elementor-motion-effects-layer{background-image:url(\"https:\/\/arnoia.es\/wp-content\/uploads\/2024\/01\/Arnoia-Area-Recreativa-de-As-Poldras-3.jpg\");background-position:0px 50%;background-repeat:no-repeat;background-size:cover;}.elementor-5129 .elementor-element.elementor-element-4b61b50 > .elementor-background-overlay{background-color:#121212;opacity:0.4;transition:background 0.3s, border-radius 0.3s, opacity 0.3s;}.elementor-5129 .elementor-element.elementor-element-4b61b50{transition:background 0.3s, border 0.3s, border-radius 0.3s, box-shadow 0.3s;padding:280px 0px 150px 0px;z-index:0;}.elementor-5129 .elementor-element.elementor-element-56b9586a{text-align:center;}.elementor-5129 .elementor-element.elementor-element-56b9586a .elementor-heading-title{font-family:var( --e-global-typography-secondary-font-family ), Sans-serif;font-weight:var( --e-global-typography-secondary-font-weight );color:#FFFFFF;}.elementor-5129 .elementor-element.elementor-element-3ef4a4c5 .elementor-icon-list-items:not(.elementor-inline-items) .elementor-icon-list-item:not(:last-child){padding-block-end:calc(5px\/2);}.elementor-5129 .elementor-element.elementor-element-3ef4a4c5 .elementor-icon-list-items:not(.elementor-inline-items) .elementor-icon-list-item:not(:first-child){margin-block-start:calc(5px\/2);}.elementor-5129 .elementor-element.elementor-element-3ef4a4c5 .elementor-icon-list-items.elementor-inline-items .elementor-icon-list-item{margin-inline:calc(5px\/2);}.elementor-5129 .elementor-element.elementor-element-3ef4a4c5 .elementor-icon-list-items.elementor-inline-items{margin-inline:calc(-5px\/2);}.elementor-5129 .elementor-element.elementor-element-3ef4a4c5 .elementor-icon-list-items.elementor-inline-items .elementor-icon-list-item:after{inset-inline-end:calc(-5px\/2);}.elementor-5129 .elementor-element.elementor-element-3ef4a4c5 .elementor-icon-list-icon i{color:var( --e-global-color-secondary );transition:color 0.3s;}.elementor-5129 .elementor-element.elementor-element-3ef4a4c5 .elementor-icon-list-icon svg{fill:var( --e-global-color-secondary );transition:fill 0.3s;}.elementor-5129 .elementor-element.elementor-element-3ef4a4c5{--e-icon-list-icon-size:14px;--icon-vertical-offset:0px;}.elementor-5129 .elementor-element.elementor-element-3ef4a4c5 .elementor-icon-list-text{color:#FFFFFF;transition:color 0.3s;}.elementor-5129 .elementor-element.elementor-element-3ef4a4c5 > .elementor-widget-container{margin:-5px 0px 0px 0px;}.elementor-5129 .elementor-element.elementor-element-c5c18a0{--display:flex;--flex-direction:row;--container-widget-width:initial;--container-widget-height:100%;--container-widget-flex-grow:1;--container-widget-align-self:stretch;--flex-wrap-mobile:wrap;--padding-top:0100px;--padding-bottom:0px;--padding-left:0px;--padding-right:0px;}.elementor-5129 .elementor-element.elementor-element-2a2e5ac{--display:flex;}.elementor-5129 .elementor-element.elementor-element-cbbdf31 img{width:51%;}.elementor-5129 .elementor-element.elementor-element-90c1008 .elementor-button{font-family:\"Hind\", Sans-serif;fill:#FFFFFF;color:#FFFFFF;background-color:#B4040D;border-radius:30px 30px 30px 30px;padding:20px 40px 20px 40px;}@media(max-width:1024px){.elementor-5129 .elementor-element.elementor-element-4b61b50:not(.elementor-motion-effects-element-type-background), .elementor-5129 .elementor-element.elementor-element-4b61b50 > .elementor-motion-effects-container > .elementor-motion-effects-layer{background-position:0px 0px;}.elementor-5129 .elementor-element.elementor-element-4b61b50{padding:200px 10px 130px 10px;}}@media(max-width:767px){.elementor-5129 .elementor-element.elementor-element-4b61b50:not(.elementor-motion-effects-element-type-background), .elementor-5129 .elementor-element.elementor-element-4b61b50 > .elementor-motion-effects-container > .elementor-motion-effects-layer{background-position:center center;}.elementor-5129 .elementor-element.elementor-element-4b61b50{padding:160px 0px 80px 0px;}.elementor-5129 .elementor-element.elementor-element-90c1008 .elementor-button{padding:18px 32px 18px 32px;}}<\/style>\t\t<div data-elementor-type=\"wp-page\" data-elementor-id=\"5129\" class=\"elementor elementor-5129 elementor-728\" data-elementor-post-type=\"page\">\n\t\t\t\t\t\t<section class=\"elementor-section elementor-top-section elementor-element elementor-element-4b61b50 elementor-section-boxed elementor-section-height-default elementor-section-height-default\" data-id=\"4b61b50\" data-element_type=\"section\" data-e-type=\"section\" data-settings=\"{&quot;background_background&quot;:&quot;classic&quot;}\">\n\t\t\t\t\t\t\t<div class=\"elementor-background-overlay\"><\/div>\n\t\t\t\t\t\t\t<div class=\"elementor-container elementor-column-gap-default\">\n\t\t\t\t\t<div class=\"elementor-column elementor-col-100 elementor-top-column elementor-element elementor-element-2c2d7e3\" data-id=\"2c2d7e3\" data-element_type=\"column\" data-e-type=\"column\">\n\t\t\t<div class=\"elementor-widget-wrap elementor-element-populated\">\n\t\t\t\t\t\t<div class=\"elementor-element elementor-element-56b9586a elementor-widget elementor-widget-heading\" data-id=\"56b9586a\" data-element_type=\"widget\" data-e-type=\"widget\" data-widget_type=\"heading.default\">\n\t\t\t\t<div class=\"elementor-widget-container\">\n\t\t\t\t\t<h2 class=\"elementor-heading-title elementor-size-default\">Rutas cicloturismo<\/h2>\t\t\t\t<\/div>\n\t\t\t\t<\/div>\n\t\t\t\t<div class=\"elementor-element elementor-element-3ef4a4c5 elementor-icon-list--layout-inline elementor-align-center elementor-list-item-link-full_width elementor-widget elementor-widget-icon-list\" data-id=\"3ef4a4c5\" data-element_type=\"widget\" data-e-type=\"widget\" data-widget_type=\"icon-list.default\">\n\t\t\t\t<div class=\"elementor-widget-container\">\n\t\t\t\t\t\t\t<ul class=\"elementor-icon-list-items elementor-inline-items\">\n\t\t\t\t\t\t\t<li class=\"elementor-icon-list-item elementor-inline-item\">\n\t\t\t\t\t\t\t\t\t\t<span class=\"elementor-icon-list-text\">Inicio<\/span>\n\t\t\t\t\t\t\t\t\t<\/li>\n\t\t\t\t\t\t\t\t<li class=\"elementor-icon-list-item elementor-inline-item\">\n\t\t\t\t\t\t\t\t\t\t\t<span class=\"elementor-icon-list-icon\">\n\t\t\t\t\t\t\t<svg aria-hidden=\"true\" class=\"e-font-icon-svg e-fas-chevron-right\" viewBox=\"0 0 320 512\" xmlns=\"http:\/\/www.w3.org\/2000\/svg\"><path d=\"M285.476 272.971L91.132 467.314c-9.373 9.373-24.569 9.373-33.941 0l-22.667-22.667c-9.357-9.357-9.375-24.522-.04-33.901L188.505 256 34.484 101.255c-9.335-9.379-9.317-24.544.04-33.901l22.667-22.667c9.373-9.373 24.569-9.373 33.941 0L285.475 239.03c9.373 9.372 9.373 24.568.001 33.941z\"><\/path><\/svg>\t\t\t\t\t\t<\/span>\n\t\t\t\t\t\t\t\t\t\t<span class=\"elementor-icon-list-text\">Rutas cicloturismo\u200b<\/span>\n\t\t\t\t\t\t\t\t\t<\/li>\n\t\t\t\t\t\t<\/ul>\n\t\t\t\t\t\t<\/div>\n\t\t\t\t<\/div>\n\t\t\t\t\t<\/div>\n\t\t<\/div>\n\t\t\t\t\t<\/div>\n\t\t<\/section>\n\t\t<div class=\"elementor-element elementor-element-c5c18a0 e-flex e-con-boxed e-con e-parent\" data-id=\"c5c18a0\" data-element_type=\"container\" data-e-type=\"container\">\n\t\t\t\t\t<div class=\"e-con-inner\">\n\t\t\t\t<div class=\"elementor-element elementor-element-e2eb3b1 elementor-widget elementor-widget-heading\" data-id=\"e2eb3b1\" data-element_type=\"widget\" data-e-type=\"widget\" data-widget_type=\"heading.default\">\n\t\t\t\t<div class=\"elementor-widget-container\">\n\t\t\t\t\t<h2 class=\"elementor-heading-title elementor-size-default\">Arnoia Termal Bike Km0\n<\/h2>\t\t\t\t<\/div>\n\t\t\t\t<\/div>\n\t\t\t\t\t<\/div>\n\t\t\t\t<\/div>\n\t\t<div class=\"elementor-element elementor-element-2a2e5ac e-flex e-con-boxed e-con e-parent\" data-id=\"2a2e5ac\" data-element_type=\"container\" data-e-type=\"container\">\n\t\t\t\t\t<div class=\"e-con-inner\">\n\t\t\t\t<div class=\"elementor-element elementor-element-b8712d8 elementor-widget elementor-widget-text-editor\" data-id=\"b8712d8\" data-element_type=\"widget\" data-e-type=\"widget\" data-widget_type=\"text-editor.default\">\n\t\t\t\t<div class=\"elementor-widget-container\">\n\t\t\t\t\t\t\t\t\t<p>Arnoia es una de las villas termales referencia de la provincia de Ourense, uno de los centros termales m\u00e1s importantes de Europa que si vincul\u00f3 en los \u00faltimos a\u00f1os a la Vuelta Ciclista a Espa\u00f1a tanto c\u00f3mo patrocinador como por albergar varias de sus etapas.<\/p>\n<p>Situada en la Comarca del Ribeiro, su estrat\u00e9gica localizaci\u00f3n le confiere una climatolog\u00eda ben\u00e9vola durante buena parte del a\u00f1o. El ca\u00f1\u00f3n del R\u00edo Arnoia, la presencia del R\u00edo Mi\u00f1o y las aguas termales, son sus principales se\u00f1as de identidad junto a un entorno de gran inter\u00e9s paisaj\u00edstico donde destacan los Monasterios del Ribeiro, los vi\u00f1edos y el conjunto hist\u00f3rico de Ribadavia.<\/p>\n\t\t\t\t\t\t\t\t<\/div>\n\t\t\t\t<\/div>\n\t\t\t\t<div class=\"elementor-element elementor-element-cbbdf31 elementor-widget elementor-widget-image\" data-id=\"cbbdf31\" data-element_type=\"widget\" data-e-type=\"widget\" data-widget_type=\"image.default\">\n\t\t\t\t<div class=\"elementor-widget-container\">\n\t\t\t\t\t\t\t\t\t\t\t\t\t\t\t<img fetchpriority=\"high\" decoding=\"async\" width=\"1280\" height=\"853\" src=\"https:\/\/arnoia.es\/wp-content\/uploads\/2024\/01\/rutas-cicloturistas-arnoia.jpg\" class=\"attachment-full size-full wp-image-4948\" alt=\"\" srcset=\"https:\/\/arnoia.es\/wp-content\/uploads\/2024\/01\/rutas-cicloturistas-arnoia.jpg 1280w, https:\/\/arnoia.es\/wp-content\/uploads\/2024\/01\/rutas-cicloturistas-arnoia-300x200.jpg 300w, https:\/\/arnoia.es\/wp-content\/uploads\/2024\/01\/rutas-cicloturistas-arnoia-1024x682.jpg 1024w, https:\/\/arnoia.es\/wp-content\/uploads\/2024\/01\/rutas-cicloturistas-arnoia-768x512.jpg 768w\" sizes=\"(max-width: 1280px) 100vw, 1280px\" \/>\t\t\t\t\t\t\t\t\t\t\t\t\t\t\t<\/div>\n\t\t\t\t<\/div>\n\t\t\t\t<div class=\"elementor-element elementor-element-94e555c elementor-widget elementor-widget-text-editor\" data-id=\"94e555c\" data-element_type=\"widget\" data-e-type=\"widget\" data-widget_type=\"text-editor.default\">\n\t\t\t\t<div class=\"elementor-widget-container\">\n\t\t\t\t\t\t\t\t\t<p>Arnoia Termal Bike Km0 apuesta por la promoci\u00f3n y comercializaci\u00f3n de este territorio c\u00f3mo destino termal- sport, fusionando la pr\u00e1ctica del ciclismo de carretera y la cultura termal como una noticia f\u00f3rmula de producto tur\u00edstico. Ofreciendo un total de 11 rutas dise\u00f1adas y avaladas por ciclistas, orientadas a diferentes niveles de usuarios: amateurs, semi-profesionales y profesionales.<\/p>\n\t\t\t\t\t\t\t\t<\/div>\n\t\t\t\t<\/div>\n\t\t\t\t<div class=\"elementor-element elementor-element-90c1008 elementor-align-center animated-slow elementor-mobile-align-center elementor-invisible elementor-widget elementor-widget-button\" data-id=\"90c1008\" data-element_type=\"widget\" data-e-type=\"widget\" data-settings=\"{&quot;_animation&quot;:&quot;fadeInLeft&quot;}\" data-widget_type=\"button.default\">\n\t\t\t\t<div class=\"elementor-widget-container\">\n\t\t\t\t\t\t\t\t\t<div class=\"elementor-button-wrapper\">\n\t\t\t\t\t<a class=\"elementor-button elementor-button-link elementor-size-sm elementor-animation-float\" href=\"http:\/\/www.arnoiatermalbikekm0.com\/\" target=\"_blank\">\n\t\t\t\t\t\t<span class=\"elementor-button-content-wrapper\">\n\t\t\t\t\t\t\t\t\t<span class=\"elementor-button-text\">Arnoia Termal Bike KM0<\/span>\n\t\t\t\t\t<\/span>\n\t\t\t\t\t<\/a>\n\t\t\t\t<\/div>\n\t\t\t\t\t\t\t\t<\/div>\n\t\t\t\t<\/div>\n\t\t\t\t\t<\/div>\n\t\t\t\t<\/div>\n\t\t\t\t<\/div>\n\t\t","protected":false},"excerpt":{"rendered":"<p>Rutas cicloturismo Inicio Rutas cicloturismo\u200b Arnoia Termal Bike Km0 Arnoia es una de las villas termales referencia de la provincia de Ourense, uno de los centros termales m\u00e1s importantes de Europa que si vincul\u00f3 en los \u00faltimos a\u00f1os a la Vuelta Ciclista a Espa\u00f1a tanto c\u00f3mo patrocinador como por albergar varias de sus etapas. Situada [&hellip;]<\/p>\n","protected":false},"author":1,"featured_media":0,"parent":0,"menu_order":0,"comment_status":"closed","ping_status":"closed","template":"","meta":{"site-sidebar-layout":"no-sidebar","site-content-layout":"","ast-site-content-layout":"full-width-container","site-content-style":"default","site-sidebar-style":"default","ast-global-header-display":"","ast-banner-title-visibility":"","ast-main-header-display":"","ast-hfb-above-header-display":"","ast-hfb-below-header-display":"","ast-hfb-mobile-header-display":"","site-post-title":"disabled","ast-breadcrumbs-content":"","ast-featured-img":"disabled","footer-sml-layout":"","ast-disable-related-posts":"","theme-transparent-header-meta":"","adv-header-id-meta":"","stick-header-meta":"","header-above-stick-meta":"","header-main-stick-meta":"","header-below-stick-meta":"","astra-migrate-meta-layouts":"default","ast-page-background-enabled":"default","ast-page-background-meta":{"desktop":{"background-color":"var(--ast-global-color-4)","background-image":"","background-repeat":"repeat","background-position":"center center","background-size":"auto","background-attachment":"scroll","background-type":"","background-media":"","overlay-type":"","overlay-color":"","overlay-opacity":"","overlay-gradient":""},"tablet":{"background-color":"","background-image":"","background-repeat":"repeat","background-position":"center center","background-size":"auto","background-attachment":"scroll","background-type":"","background-media":"","overlay-type":"","overlay-color":"","overlay-opacity":"","overlay-gradient":""},"mobile":{"background-color":"","background-image":"","background-repeat":"repeat","background-position":"center center","background-size":"auto","background-attachment":"scroll","background-type":"","background-media":"","overlay-type":"","overlay-color":"","overlay-opacity":"","overlay-gradient":""}},"ast-content-background-meta":{"desktop":{"background-color":"var(--ast-global-color-5)","background-image":"","background-repeat":"repeat","background-position":"center center","background-size":"auto","background-attachment":"scroll","background-type":"","background-media":"","overlay-type":"","overlay-color":"","overlay-opacity":"","overlay-gradient":""},"tablet":{"background-color":"var(--ast-global-color-5)","background-image":"","background-repeat":"repeat","background-position":"center center","background-size":"auto","background-attachment":"scroll","background-type":"","background-media":"","overlay-type":"","overlay-color":"","overlay-opacity":"","overlay-gradient":""},"mobile":{"background-color":"var(--ast-global-color-5)","background-image":"","background-repeat":"repeat","background-position":"center center","background-size":"auto","background-attachment":"scroll","background-type":"","background-media":"","overlay-type":"","overlay-color":"","overlay-opacity":"","overlay-gradient":""}},"footnotes":""},"class_list":["post-5129","page","type-page","status-publish","hentry"],"yoast_head":"<!-- This site is optimized with the Yoast SEO Premium plugin v22.2 (Yoast SEO v27.4) - https:\/\/yoast.com\/product\/yoast-seo-premium-wordpress\/ -->\n<title>Rutas cicloturismo - Concello de A Arnoia<\/title>\n<meta name=\"robots\" content=\"index, follow, max-snippet:-1, max-image-preview:large, max-video-preview:-1\" \/>\n<link rel=\"canonical\" href=\"https:\/\/arnoia.es\/rutas-cicloturismo\/\" \/>\n<meta property=\"og:locale\" content=\"es_ES\" \/>\n<meta property=\"og:type\" content=\"article\" \/>\n<meta property=\"og:title\" content=\"Rutas cicloturismo\" \/>\n<meta property=\"og:description\" content=\"Rutas cicloturismo Inicio Rutas cicloturismo\u200b Arnoia Termal Bike Km0 Arnoia es una de las villas termales referencia de la provincia de Ourense, uno de los centros termales m\u00e1s importantes de Europa que si vincul\u00f3 en los \u00faltimos a\u00f1os a la Vuelta Ciclista a Espa\u00f1a tanto c\u00f3mo patrocinador como por albergar varias de sus etapas. Situada [&hellip;]\" \/>\n<meta property=\"og:url\" content=\"https:\/\/arnoia.es\/rutas-cicloturismo\/\" \/>\n<meta property=\"og:site_name\" content=\"Concello de A Arnoia\" \/>\n<meta property=\"article:publisher\" content=\"https:\/\/www.facebook.com\/ConcellodeArnoia\" \/>\n<meta property=\"article:modified_time\" content=\"2024-02-27T12:47:06+00:00\" \/>\n<meta property=\"og:image\" content=\"https:\/\/arnoia.socomunicacion.com\/wp-content\/uploads\/2024\/01\/rutas-cicloturistas-arnoia.jpg\" \/>\n<meta name=\"twitter:card\" content=\"summary_large_image\" \/>\n<meta name=\"twitter:site\" content=\"@ConcelloArnoia\" \/>\n<meta name=\"twitter:label1\" content=\"Tiempo de lectura\" \/>\n\t<meta name=\"twitter:data1\" content=\"1 minuto\" \/>\n<script type=\"application\/ld+json\" class=\"yoast-schema-graph\">{\"@context\":\"https:\\\/\\\/schema.org\",\"@graph\":[{\"@type\":\"WebPage\",\"@id\":\"https:\\\/\\\/arnoia.es\\\/rutas-cicloturismo\\\/\",\"url\":\"https:\\\/\\\/arnoia.es\\\/rutas-cicloturismo\\\/\",\"name\":\"Rutas cicloturismo - Concello de A Arnoia\",\"isPartOf\":{\"@id\":\"https:\\\/\\\/arnoia.es\\\/#website\"},\"primaryImageOfPage\":{\"@id\":\"https:\\\/\\\/arnoia.es\\\/rutas-cicloturismo\\\/#primaryimage\"},\"image\":{\"@id\":\"https:\\\/\\\/arnoia.es\\\/rutas-cicloturismo\\\/#primaryimage\"},\"thumbnailUrl\":\"https:\\\/\\\/arnoia.socomunicacion.com\\\/wp-content\\\/uploads\\\/2024\\\/01\\\/rutas-cicloturistas-arnoia.jpg\",\"datePublished\":\"2024-01-09T10:30:52+00:00\",\"dateModified\":\"2024-02-27T12:47:06+00:00\",\"breadcrumb\":{\"@id\":\"https:\\\/\\\/arnoia.es\\\/rutas-cicloturismo\\\/#breadcrumb\"},\"inLanguage\":\"es\",\"potentialAction\":[{\"@type\":\"ReadAction\",\"target\":[\"https:\\\/\\\/arnoia.es\\\/rutas-cicloturismo\\\/\"]}]},{\"@type\":\"ImageObject\",\"inLanguage\":\"es\",\"@id\":\"https:\\\/\\\/arnoia.es\\\/rutas-cicloturismo\\\/#primaryimage\",\"url\":\"https:\\\/\\\/arnoia.socomunicacion.com\\\/wp-content\\\/uploads\\\/2024\\\/01\\\/rutas-cicloturistas-arnoia.jpg\",\"contentUrl\":\"https:\\\/\\\/arnoia.socomunicacion.com\\\/wp-content\\\/uploads\\\/2024\\\/01\\\/rutas-cicloturistas-arnoia.jpg\"},{\"@type\":\"BreadcrumbList\",\"@id\":\"https:\\\/\\\/arnoia.es\\\/rutas-cicloturismo\\\/#breadcrumb\",\"itemListElement\":[{\"@type\":\"ListItem\",\"position\":1,\"name\":\"Inicio\",\"item\":\"https:\\\/\\\/arnoia.es\\\/\"},{\"@type\":\"ListItem\",\"position\":2,\"name\":\"Rutas cicloturismo\"}]},{\"@type\":\"WebSite\",\"@id\":\"https:\\\/\\\/arnoia.es\\\/#website\",\"url\":\"https:\\\/\\\/arnoia.es\\\/\",\"name\":\"Concello de A Arnoia\",\"description\":\"\",\"publisher\":{\"@id\":\"https:\\\/\\\/arnoia.es\\\/#organization\"},\"potentialAction\":[{\"@type\":\"SearchAction\",\"target\":{\"@type\":\"EntryPoint\",\"urlTemplate\":\"https:\\\/\\\/arnoia.es\\\/?s={search_term_string}\"},\"query-input\":{\"@type\":\"PropertyValueSpecification\",\"valueRequired\":true,\"valueName\":\"search_term_string\"}}],\"inLanguage\":\"es\"},{\"@type\":\"Organization\",\"@id\":\"https:\\\/\\\/arnoia.es\\\/#organization\",\"name\":\"Concello de A Arnoia\",\"url\":\"https:\\\/\\\/arnoia.es\\\/\",\"logo\":{\"@type\":\"ImageObject\",\"inLanguage\":\"es\",\"@id\":\"https:\\\/\\\/arnoia.es\\\/#\\\/schema\\\/logo\\\/image\\\/\",\"url\":\"https:\\\/\\\/arnoia.es\\\/wp-content\\\/uploads\\\/2023\\\/12\\\/cropped-logo-transparent-concello-de-a-arnoia.png\",\"contentUrl\":\"https:\\\/\\\/arnoia.es\\\/wp-content\\\/uploads\\\/2023\\\/12\\\/cropped-logo-transparent-concello-de-a-arnoia.png\",\"width\":512,\"height\":512,\"caption\":\"Concello de A Arnoia\"},\"image\":{\"@id\":\"https:\\\/\\\/arnoia.es\\\/#\\\/schema\\\/logo\\\/image\\\/\"},\"sameAs\":[\"https:\\\/\\\/www.facebook.com\\\/ConcellodeArnoia\",\"https:\\\/\\\/x.com\\\/ConcelloArnoia\",\"https:\\\/\\\/www.instagram.com\\\/concellodearnoia\\\/?hl=es\"],\"email\":\"info@arnoia.es\",\"telephone\":\"988 48 69 00\"}]}<\/script>\n<!-- \/ Yoast SEO Premium plugin. -->","yoast_head_json":{"title":"Rutas cicloturismo - Concello de A Arnoia","robots":{"index":"index","follow":"follow","max-snippet":"max-snippet:-1","max-image-preview":"max-image-preview:large","max-video-preview":"max-video-preview:-1"},"canonical":"https:\/\/arnoia.es\/rutas-cicloturismo\/","og_locale":"es_ES","og_type":"article","og_title":"Rutas cicloturismo","og_description":"Rutas cicloturismo Inicio Rutas cicloturismo\u200b Arnoia Termal Bike Km0 Arnoia es una de las villas termales referencia de la provincia de Ourense, uno de los centros termales m\u00e1s importantes de Europa que si vincul\u00f3 en los \u00faltimos a\u00f1os a la Vuelta Ciclista a Espa\u00f1a tanto c\u00f3mo patrocinador como por albergar varias de sus etapas. Situada [&hellip;]","og_url":"https:\/\/arnoia.es\/rutas-cicloturismo\/","og_site_name":"Concello de A Arnoia","article_publisher":"https:\/\/www.facebook.com\/ConcellodeArnoia","article_modified_time":"2024-02-27T12:47:06+00:00","og_image":[{"url":"https:\/\/arnoia.socomunicacion.com\/wp-content\/uploads\/2024\/01\/rutas-cicloturistas-arnoia.jpg","type":"","width":"","height":""}],"twitter_card":"summary_large_image","twitter_site":"@ConcelloArnoia","twitter_misc":{"Tiempo de lectura":"1 minuto"},"schema":{"@context":"https:\/\/schema.org","@graph":[{"@type":"WebPage","@id":"https:\/\/arnoia.es\/rutas-cicloturismo\/","url":"https:\/\/arnoia.es\/rutas-cicloturismo\/","name":"Rutas cicloturismo - Concello de A Arnoia","isPartOf":{"@id":"https:\/\/arnoia.es\/#website"},"primaryImageOfPage":{"@id":"https:\/\/arnoia.es\/rutas-cicloturismo\/#primaryimage"},"image":{"@id":"https:\/\/arnoia.es\/rutas-cicloturismo\/#primaryimage"},"thumbnailUrl":"https:\/\/arnoia.socomunicacion.com\/wp-content\/uploads\/2024\/01\/rutas-cicloturistas-arnoia.jpg","datePublished":"2024-01-09T10:30:52+00:00","dateModified":"2024-02-27T12:47:06+00:00","breadcrumb":{"@id":"https:\/\/arnoia.es\/rutas-cicloturismo\/#breadcrumb"},"inLanguage":"es","potentialAction":[{"@type":"ReadAction","target":["https:\/\/arnoia.es\/rutas-cicloturismo\/"]}]},{"@type":"ImageObject","inLanguage":"es","@id":"https:\/\/arnoia.es\/rutas-cicloturismo\/#primaryimage","url":"https:\/\/arnoia.socomunicacion.com\/wp-content\/uploads\/2024\/01\/rutas-cicloturistas-arnoia.jpg","contentUrl":"https:\/\/arnoia.socomunicacion.com\/wp-content\/uploads\/2024\/01\/rutas-cicloturistas-arnoia.jpg"},{"@type":"BreadcrumbList","@id":"https:\/\/arnoia.es\/rutas-cicloturismo\/#breadcrumb","itemListElement":[{"@type":"ListItem","position":1,"name":"Inicio","item":"https:\/\/arnoia.es\/"},{"@type":"ListItem","position":2,"name":"Rutas cicloturismo"}]},{"@type":"WebSite","@id":"https:\/\/arnoia.es\/#website","url":"https:\/\/arnoia.es\/","name":"Concello de A Arnoia","description":"","publisher":{"@id":"https:\/\/arnoia.es\/#organization"},"potentialAction":[{"@type":"SearchAction","target":{"@type":"EntryPoint","urlTemplate":"https:\/\/arnoia.es\/?s={search_term_string}"},"query-input":{"@type":"PropertyValueSpecification","valueRequired":true,"valueName":"search_term_string"}}],"inLanguage":"es"},{"@type":"Organization","@id":"https:\/\/arnoia.es\/#organization","name":"Concello de A Arnoia","url":"https:\/\/arnoia.es\/","logo":{"@type":"ImageObject","inLanguage":"es","@id":"https:\/\/arnoia.es\/#\/schema\/logo\/image\/","url":"https:\/\/arnoia.es\/wp-content\/uploads\/2023\/12\/cropped-logo-transparent-concello-de-a-arnoia.png","contentUrl":"https:\/\/arnoia.es\/wp-content\/uploads\/2023\/12\/cropped-logo-transparent-concello-de-a-arnoia.png","width":512,"height":512,"caption":"Concello de A Arnoia"},"image":{"@id":"https:\/\/arnoia.es\/#\/schema\/logo\/image\/"},"sameAs":["https:\/\/www.facebook.com\/ConcellodeArnoia","https:\/\/x.com\/ConcelloArnoia","https:\/\/www.instagram.com\/concellodearnoia\/?hl=es"],"email":"info@arnoia.es","telephone":"988 48 69 00"}]}},"_links":{"self":[{"href":"https:\/\/arnoia.es\/es\/wp-json\/wp\/v2\/pages\/5129","targetHints":{"allow":["GET"]}}],"collection":[{"href":"https:\/\/arnoia.es\/es\/wp-json\/wp\/v2\/pages"}],"about":[{"href":"https:\/\/arnoia.es\/es\/wp-json\/wp\/v2\/types\/page"}],"author":[{"embeddable":true,"href":"https:\/\/arnoia.es\/es\/wp-json\/wp\/v2\/users\/1"}],"replies":[{"embeddable":true,"href":"https:\/\/arnoia.es\/es\/wp-json\/wp\/v2\/comments?post=5129"}],"version-history":[{"count":1,"href":"https:\/\/arnoia.es\/es\/wp-json\/wp\/v2\/pages\/5129\/revisions"}],"predecessor-version":[{"id":5130,"href":"https:\/\/arnoia.es\/es\/wp-json\/wp\/v2\/pages\/5129\/revisions\/5130"}],"wp:attachment":[{"href":"https:\/\/arnoia.es\/es\/wp-json\/wp\/v2\/media?parent=5129"}],"curies":[{"name":"wp","href":"https:\/\/api.w.org\/{rel}","templated":true}]}}