{"id":5264,"date":"2024-01-03T13:21:15","date_gmt":"2024-01-03T12:21:15","guid":{"rendered":"https:\/\/arnoia.socomunicacion.com\/saludo-del-alcalde\/"},"modified":"2024-09-30T13:50:20","modified_gmt":"2024-09-30T11:50:20","slug":"saludo-del-alcalde","status":"publish","type":"page","link":"https:\/\/arnoia.es\/es\/saludo-del-alcalde\/","title":{"rendered":"Saludo del Alcalde"},"content":{"rendered":"<style>.elementor-5264 .elementor-element.elementor-element-10873741 > .elementor-container{max-width:1170px;}.elementor-5264 .elementor-element.elementor-element-10873741:not(.elementor-motion-effects-element-type-background), .elementor-5264 .elementor-element.elementor-element-10873741 > .elementor-motion-effects-container > .elementor-motion-effects-layer{background-image:url(\"https:\/\/arnoia.es\/wp-content\/uploads\/2024\/09\/Fachada-do-Concello-de-Arnoia.jpeg\");background-position:0px 24%;background-repeat:no-repeat;background-size:cover;}.elementor-5264 .elementor-element.elementor-element-10873741 > .elementor-background-overlay{background-color:#121212;opacity:0.4;transition:background 0.3s, border-radius 0.3s, opacity 0.3s;}.elementor-5264 .elementor-element.elementor-element-10873741{transition:background 0.3s, border 0.3s, border-radius 0.3s, box-shadow 0.3s;padding:280px 0px 150px 0px;z-index:0;}.elementor-5264 .elementor-element.elementor-element-6f3fce94{text-align:center;}.elementor-5264 .elementor-element.elementor-element-6f3fce94 .elementor-heading-title{font-family:var( --e-global-typography-secondary-font-family ), Sans-serif;font-weight:var( --e-global-typography-secondary-font-weight );color:#FFFFFF;}.elementor-5264 .elementor-element.elementor-element-18795c6d .elementor-icon-list-items:not(.elementor-inline-items) .elementor-icon-list-item:not(:last-child){padding-block-end:calc(5px\/2);}.elementor-5264 .elementor-element.elementor-element-18795c6d .elementor-icon-list-items:not(.elementor-inline-items) .elementor-icon-list-item:not(:first-child){margin-block-start:calc(5px\/2);}.elementor-5264 .elementor-element.elementor-element-18795c6d .elementor-icon-list-items.elementor-inline-items .elementor-icon-list-item{margin-inline:calc(5px\/2);}.elementor-5264 .elementor-element.elementor-element-18795c6d .elementor-icon-list-items.elementor-inline-items{margin-inline:calc(-5px\/2);}.elementor-5264 .elementor-element.elementor-element-18795c6d .elementor-icon-list-items.elementor-inline-items .elementor-icon-list-item:after{inset-inline-end:calc(-5px\/2);}.elementor-5264 .elementor-element.elementor-element-18795c6d .elementor-icon-list-icon i{color:var( --e-global-color-secondary );transition:color 0.3s;}.elementor-5264 .elementor-element.elementor-element-18795c6d .elementor-icon-list-icon svg{fill:var( --e-global-color-secondary );transition:fill 0.3s;}.elementor-5264 .elementor-element.elementor-element-18795c6d{--e-icon-list-icon-size:14px;--icon-vertical-offset:0px;}.elementor-5264 .elementor-element.elementor-element-18795c6d .elementor-icon-list-text{color:#FFFFFF;transition:color 0.3s;}.elementor-5264 .elementor-element.elementor-element-18795c6d > .elementor-widget-container{margin:-5px 0px 0px 0px;}.elementor-5264 .elementor-element.elementor-element-fa67076{--display:flex;--flex-direction:row;--container-widget-width:initial;--container-widget-height:100%;--container-widget-flex-grow:1;--container-widget-align-self:stretch;--flex-wrap-mobile:wrap;--gap:0px 0px;--row-gap:0px;--column-gap:0px;--margin-top:100px;--margin-bottom:100px;--margin-left:0px;--margin-right:0px;}.elementor-5264 .elementor-element.elementor-element-19b7e8b{--display:flex;--flex-direction:column;--container-widget-width:100%;--container-widget-height:initial;--container-widget-flex-grow:0;--container-widget-align-self:initial;--flex-wrap-mobile:wrap;}.elementor-5264 .elementor-element.elementor-element-ccac82c .elementor-heading-title{font-family:var( --e-global-typography-secondary-font-family ), Sans-serif;font-weight:var( --e-global-typography-secondary-font-weight );color:#000000;}.elementor-5264 .elementor-element.elementor-element-ccac82c{width:var( --container-widget-width, 81.834% );max-width:81.834%;--container-widget-width:81.834%;--container-widget-flex-grow:0;}.elementor-5264 .elementor-element.elementor-element-ccac82c.elementor-element{--flex-grow:0;--flex-shrink:0;}.elementor-5264 .elementor-element.elementor-element-aa512f8{--display:flex;--flex-direction:column;--container-widget-width:calc( ( 1 - var( --container-widget-flex-grow ) ) * 100% );--container-widget-height:initial;--container-widget-flex-grow:0;--container-widget-align-self:initial;--flex-wrap-mobile:wrap;--justify-content:center;--align-items:center;--margin-top:85px;--margin-bottom:0px;--margin-left:0px;--margin-right:0px;}.elementor-5264 .elementor-element.elementor-element-aa512f8:not(.elementor-motion-effects-element-type-background), .elementor-5264 .elementor-element.elementor-element-aa512f8 > .elementor-motion-effects-container > .elementor-motion-effects-layer{background-image:url(\"https:\/\/arnoia.es\/wp-content\/uploads\/2024\/03\/alcalde-do-concello-de-a-arnoia.webp\");background-position:center center;background-size:cover;}@media(min-width:768px){.elementor-5264 .elementor-element.elementor-element-19b7e8b{--width:50%;}.elementor-5264 .elementor-element.elementor-element-aa512f8{--width:50%;}}@media(max-width:1024px){.elementor-5264 .elementor-element.elementor-element-10873741:not(.elementor-motion-effects-element-type-background), .elementor-5264 .elementor-element.elementor-element-10873741 > .elementor-motion-effects-container > .elementor-motion-effects-layer{background-position:0px 0px;}.elementor-5264 .elementor-element.elementor-element-10873741{padding:200px 10px 130px 10px;}}@media(max-width:767px){.elementor-5264 .elementor-element.elementor-element-10873741:not(.elementor-motion-effects-element-type-background), .elementor-5264 .elementor-element.elementor-element-10873741 > .elementor-motion-effects-container > .elementor-motion-effects-layer{background-position:center center;}.elementor-5264 .elementor-element.elementor-element-10873741{padding:160px 0px 80px 0px;}}<\/style>\t\t<div data-elementor-type=\"wp-page\" data-elementor-id=\"5264\" class=\"elementor elementor-5264 elementor-506\" data-elementor-post-type=\"page\">\n\t\t\t\t\t\t<section class=\"elementor-section elementor-top-section elementor-element elementor-element-10873741 elementor-section-boxed elementor-section-height-default elementor-section-height-default\" data-id=\"10873741\" data-element_type=\"section\" data-e-type=\"section\" data-settings=\"{&quot;background_background&quot;:&quot;classic&quot;}\">\n\t\t\t\t\t\t\t<div class=\"elementor-background-overlay\"><\/div>\n\t\t\t\t\t\t\t<div class=\"elementor-container elementor-column-gap-default\">\n\t\t\t\t\t<div class=\"elementor-column elementor-col-100 elementor-top-column elementor-element elementor-element-223ed6f5\" data-id=\"223ed6f5\" data-element_type=\"column\" data-e-type=\"column\">\n\t\t\t<div class=\"elementor-widget-wrap elementor-element-populated\">\n\t\t\t\t\t\t<div class=\"elementor-element elementor-element-6f3fce94 elementor-widget elementor-widget-heading\" data-id=\"6f3fce94\" data-element_type=\"widget\" data-e-type=\"widget\" data-widget_type=\"heading.default\">\n\t\t\t\t<div class=\"elementor-widget-container\">\n\t\t\t\t\t<h2 class=\"elementor-heading-title elementor-size-default\">Saludo del Alcalde<\/h2>\t\t\t\t<\/div>\n\t\t\t\t<\/div>\n\t\t\t\t<div class=\"elementor-element elementor-element-18795c6d elementor-icon-list--layout-inline elementor-align-center elementor-list-item-link-full_width elementor-widget elementor-widget-icon-list\" data-id=\"18795c6d\" data-element_type=\"widget\" data-e-type=\"widget\" data-widget_type=\"icon-list.default\">\n\t\t\t\t<div class=\"elementor-widget-container\">\n\t\t\t\t\t\t\t<ul class=\"elementor-icon-list-items elementor-inline-items\">\n\t\t\t\t\t\t\t<li class=\"elementor-icon-list-item elementor-inline-item\">\n\t\t\t\t\t\t\t\t\t\t<span class=\"elementor-icon-list-text\">Inicio<\/span>\n\t\t\t\t\t\t\t\t\t<\/li>\n\t\t\t\t\t\t\t\t<li class=\"elementor-icon-list-item elementor-inline-item\">\n\t\t\t\t\t\t\t\t\t\t\t<span class=\"elementor-icon-list-icon\">\n\t\t\t\t\t\t\t<svg aria-hidden=\"true\" class=\"e-font-icon-svg e-fas-chevron-right\" viewBox=\"0 0 320 512\" xmlns=\"http:\/\/www.w3.org\/2000\/svg\"><path d=\"M285.476 272.971L91.132 467.314c-9.373 9.373-24.569 9.373-33.941 0l-22.667-22.667c-9.357-9.357-9.375-24.522-.04-33.901L188.505 256 34.484 101.255c-9.335-9.379-9.317-24.544.04-33.901l22.667-22.667c9.373-9.373 24.569-9.373 33.941 0L285.475 239.03c9.373 9.372 9.373 24.568.001 33.941z\"><\/path><\/svg>\t\t\t\t\t\t<\/span>\n\t\t\t\t\t\t\t\t\t\t<span class=\"elementor-icon-list-text\">Saludo del Alcalde<\/span>\n\t\t\t\t\t\t\t\t\t<\/li>\n\t\t\t\t\t\t<\/ul>\n\t\t\t\t\t\t<\/div>\n\t\t\t\t<\/div>\n\t\t\t\t\t<\/div>\n\t\t<\/div>\n\t\t\t\t\t<\/div>\n\t\t<\/section>\n\t\t<div class=\"elementor-element elementor-element-fa67076 e-flex e-con-boxed elementor-invisible e-con e-parent\" data-id=\"fa67076\" data-element_type=\"container\" data-e-type=\"container\" data-settings=\"{&quot;animation&quot;:&quot;fadeInUp&quot;}\">\n\t\t\t\t\t<div class=\"e-con-inner\">\n\t\t<div class=\"elementor-element elementor-element-19b7e8b e-con-full e-flex e-con e-child\" data-id=\"19b7e8b\" data-element_type=\"container\" data-e-type=\"container\">\n\t\t\t\t<div class=\"elementor-element elementor-element-ccac82c elementor-widget__width-initial elementor-invisible elementor-widget elementor-widget-heading\" data-id=\"ccac82c\" data-element_type=\"widget\" data-e-type=\"widget\" data-settings=\"{&quot;_animation&quot;:&quot;fadeInLeft&quot;}\" data-widget_type=\"heading.default\">\n\t\t\t\t<div class=\"elementor-widget-container\">\n\t\t\t\t\t<h2 class=\"elementor-heading-title elementor-size-default\">Saludo del Alcalde<\/h2>\t\t\t\t<\/div>\n\t\t\t\t<\/div>\n\t\t\t\t<div class=\"elementor-element elementor-element-49d16e5 elementor-widget elementor-widget-text-editor\" data-id=\"49d16e5\" data-element_type=\"widget\" data-e-type=\"widget\" data-widget_type=\"text-editor.default\">\n\t\t\t\t<div class=\"elementor-widget-container\">\n\t\t\t\t\t\t\t\t\t<p><strong>Es<\/strong> una alegr\u00eda para m\u00ed poderos dar la bienvenida la este <strong>espacio virtual<\/strong>, que pretende ser la casa com\u00fan de todos los vecinos de A Arnoia.<\/p><p>Aqu\u00ed podr\u00e9is encontrar todo tipo de informaci\u00f3n relacionada con el ayuntamiento, y tambi\u00e9n podr\u00e9is llevar a cabo gran parte de las gestiones relacionadas con la administraci\u00f3n local<\/p><p>Nuestro objetivo es abrir un <strong>espacio de comunicaci\u00f3n<\/strong>, di\u00e1logo y trabajo, haciendo de la eficacia de los servicios municipales nuestra raz\u00f3n de ser, vinculando estos con la proximidad, la transparencia y la facilidad, para la ciudadan\u00eda. Por iso, os invito a que enriquezc\u00e1is este Ayuntamiento con las vuestras sugerencias, vuestras inquietudes, vuestras quejas y reclamaciones, pues as\u00ed tendremos la oportunidad de darle mejor y r\u00e1pida respuesta.<\/p><p>Este es el prop\u00f3sito de la nueva p\u00e1gina web, que ofrecer\u00e1 paulatinamente tanto un mayor caudal de informaci\u00f3n sobre los distintos servicios municipales, como la posibilidad de realizar todo tipo de tr\u00e1mites, gestiones y consultas administrativas a trav\u00e9s de la red, con absoluta garant\u00eda de confidencialidad y seguridad.<\/p><p>Espero que encontr\u00e9is en estas p\u00e1ginas el instrumento id\u00f3neo para el <strong>di\u00e1logo entre los representantes que ten\u00e9is en el ayuntamiento y todos vosotros.<\/strong><\/p><p><strong>Bienvenidos de nuevo y un cordial saludo<\/strong><\/p>\t\t\t\t\t\t\t\t<\/div>\n\t\t\t\t<\/div>\n\t\t\t\t<\/div>\n\t\t<div class=\"elementor-element elementor-element-aa512f8 e-con-full e-flex e-con e-child\" data-id=\"aa512f8\" data-element_type=\"container\" data-e-type=\"container\" data-settings=\"{&quot;background_background&quot;:&quot;classic&quot;}\">\n\t\t\t\t<\/div>\n\t\t\t\t\t<\/div>\n\t\t\t\t<\/div>\n\t\t\t\t<\/div>\n\t\t","protected":false},"excerpt":{"rendered":"<p>Saludo del Alcalde Inicio Saludo del Alcalde Saludo del Alcalde Es una alegr\u00eda para m\u00ed poderos dar la bienvenida la este espacio virtual, que pretende ser la casa com\u00fan de todos los vecinos de A Arnoia. Aqu\u00ed podr\u00e9is encontrar todo tipo de informaci\u00f3n relacionada con el ayuntamiento, y tambi\u00e9n podr\u00e9is llevar a cabo gran parte [&hellip;]<\/p>\n","protected":false},"author":1,"featured_media":0,"parent":0,"menu_order":0,"comment_status":"closed","ping_status":"closed","template":"","meta":{"site-sidebar-layout":"no-sidebar","site-content-layout":"","ast-site-content-layout":"full-width-container","site-content-style":"default","site-sidebar-style":"default","ast-global-header-display":"","ast-banner-title-visibility":"","ast-main-header-display":"","ast-hfb-above-header-display":"","ast-hfb-below-header-display":"","ast-hfb-mobile-header-display":"","site-post-title":"disabled","ast-breadcrumbs-content":"","ast-featured-img":"disabled","footer-sml-layout":"","ast-disable-related-posts":"","theme-transparent-header-meta":"","adv-header-id-meta":"","stick-header-meta":"","header-above-stick-meta":"","header-main-stick-meta":"","header-below-stick-meta":"","astra-migrate-meta-layouts":"default","ast-page-background-enabled":"default","ast-page-background-meta":{"desktop":{"background-color":"var(--ast-global-color-4)","background-image":"","background-repeat":"repeat","background-position":"center center","background-size":"auto","background-attachment":"scroll","background-type":"","background-media":"","overlay-type":"","overlay-color":"","overlay-opacity":"","overlay-gradient":""},"tablet":{"background-color":"","background-image":"","background-repeat":"repeat","background-position":"center center","background-size":"auto","background-attachment":"scroll","background-type":"","background-media":"","overlay-type":"","overlay-color":"","overlay-opacity":"","overlay-gradient":""},"mobile":{"background-color":"","background-image":"","background-repeat":"repeat","background-position":"center center","background-size":"auto","background-attachment":"scroll","background-type":"","background-media":"","overlay-type":"","overlay-color":"","overlay-opacity":"","overlay-gradient":""}},"ast-content-background-meta":{"desktop":{"background-color":"var(--ast-global-color-5)","background-image":"","background-repeat":"repeat","background-position":"center center","background-size":"auto","background-attachment":"scroll","background-type":"","background-media":"","overlay-type":"","overlay-color":"","overlay-opacity":"","overlay-gradient":""},"tablet":{"background-color":"var(--ast-global-color-5)","background-image":"","background-repeat":"repeat","background-position":"center center","background-size":"auto","background-attachment":"scroll","background-type":"","background-media":"","overlay-type":"","overlay-color":"","overlay-opacity":"","overlay-gradient":""},"mobile":{"background-color":"var(--ast-global-color-5)","background-image":"","background-repeat":"repeat","background-position":"center center","background-size":"auto","background-attachment":"scroll","background-type":"","background-media":"","overlay-type":"","overlay-color":"","overlay-opacity":"","overlay-gradient":""}},"footnotes":""},"class_list":["post-5264","page","type-page","status-publish","hentry"],"yoast_head":"<!-- This site is optimized with the Yoast SEO Premium plugin v22.2 (Yoast SEO v27.4) - https:\/\/yoast.com\/product\/yoast-seo-premium-wordpress\/ -->\n<title>Saludo del Alcalde - Concello de A Arnoia<\/title>\n<meta name=\"robots\" content=\"index, follow, max-snippet:-1, max-image-preview:large, max-video-preview:-1\" \/>\n<link rel=\"canonical\" href=\"https:\/\/arnoia.socomunicacion.com\/saudo-do-alcalde\/\" \/>\n<meta property=\"og:locale\" content=\"es_ES\" \/>\n<meta property=\"og:type\" content=\"article\" \/>\n<meta property=\"og:title\" content=\"Saludo del Alcalde\" \/>\n<meta property=\"og:description\" content=\"Saludo del Alcalde Inicio Saludo del Alcalde Saludo del Alcalde Es una alegr\u00eda para m\u00ed poderos dar la bienvenida la este espacio virtual, que pretende ser la casa com\u00fan de todos los vecinos de A Arnoia. Aqu\u00ed podr\u00e9is encontrar todo tipo de informaci\u00f3n relacionada con el ayuntamiento, y tambi\u00e9n podr\u00e9is llevar a cabo gran parte [&hellip;]\" \/>\n<meta property=\"og:url\" content=\"https:\/\/arnoia.socomunicacion.com\/saudo-do-alcalde\/\" \/>\n<meta property=\"og:site_name\" content=\"Concello de A Arnoia\" \/>\n<meta property=\"article:publisher\" content=\"https:\/\/www.facebook.com\/ConcellodeArnoia\" \/>\n<meta property=\"article:modified_time\" content=\"2024-09-30T11:50:20+00:00\" \/>\n<meta property=\"og:image\" content=\"https:\/\/arnoia.es\/wp-content\/uploads\/2023\/12\/cropped-logo-transparent-concello-de-a-arnoia.png\" \/>\n\t<meta property=\"og:image:width\" content=\"512\" \/>\n\t<meta property=\"og:image:height\" content=\"512\" \/>\n\t<meta property=\"og:image:type\" content=\"image\/png\" \/>\n<meta name=\"twitter:card\" content=\"summary_large_image\" \/>\n<meta name=\"twitter:site\" content=\"@ConcelloArnoia\" \/>\n<meta name=\"twitter:label1\" content=\"Tiempo de lectura\" \/>\n\t<meta name=\"twitter:data1\" content=\"1 minuto\" \/>\n<script type=\"application\/ld+json\" class=\"yoast-schema-graph\">{\"@context\":\"https:\\\/\\\/schema.org\",\"@graph\":[{\"@type\":\"WebPage\",\"@id\":\"https:\\\/\\\/arnoia.es\\\/saudo-do-alcalde\\\/\",\"url\":\"https:\\\/\\\/arnoia.socomunicacion.com\\\/saudo-do-alcalde\\\/\",\"name\":\"Saludo del Alcalde - Concello de A Arnoia\",\"isPartOf\":{\"@id\":\"https:\\\/\\\/arnoia.es\\\/#website\"},\"datePublished\":\"2024-01-03T12:21:15+00:00\",\"dateModified\":\"2024-09-30T11:50:20+00:00\",\"breadcrumb\":{\"@id\":\"https:\\\/\\\/arnoia.socomunicacion.com\\\/saudo-do-alcalde\\\/#breadcrumb\"},\"inLanguage\":\"es\",\"potentialAction\":[{\"@type\":\"ReadAction\",\"target\":[\"https:\\\/\\\/arnoia.socomunicacion.com\\\/saudo-do-alcalde\\\/\"]}]},{\"@type\":\"BreadcrumbList\",\"@id\":\"https:\\\/\\\/arnoia.socomunicacion.com\\\/saudo-do-alcalde\\\/#breadcrumb\",\"itemListElement\":[{\"@type\":\"ListItem\",\"position\":1,\"name\":\"Inicio\",\"item\":\"https:\\\/\\\/arnoia.es\\\/\"},{\"@type\":\"ListItem\",\"position\":2,\"name\":\"Saludo del Alcalde\"}]},{\"@type\":\"WebSite\",\"@id\":\"https:\\\/\\\/arnoia.es\\\/#website\",\"url\":\"https:\\\/\\\/arnoia.es\\\/\",\"name\":\"Concello de A Arnoia\",\"description\":\"\",\"publisher\":{\"@id\":\"https:\\\/\\\/arnoia.es\\\/#organization\"},\"potentialAction\":[{\"@type\":\"SearchAction\",\"target\":{\"@type\":\"EntryPoint\",\"urlTemplate\":\"https:\\\/\\\/arnoia.es\\\/?s={search_term_string}\"},\"query-input\":{\"@type\":\"PropertyValueSpecification\",\"valueRequired\":true,\"valueName\":\"search_term_string\"}}],\"inLanguage\":\"es\"},{\"@type\":\"Organization\",\"@id\":\"https:\\\/\\\/arnoia.es\\\/#organization\",\"name\":\"Concello de A Arnoia\",\"url\":\"https:\\\/\\\/arnoia.es\\\/\",\"logo\":{\"@type\":\"ImageObject\",\"inLanguage\":\"es\",\"@id\":\"https:\\\/\\\/arnoia.es\\\/#\\\/schema\\\/logo\\\/image\\\/\",\"url\":\"https:\\\/\\\/arnoia.es\\\/wp-content\\\/uploads\\\/2023\\\/12\\\/cropped-logo-transparent-concello-de-a-arnoia.png\",\"contentUrl\":\"https:\\\/\\\/arnoia.es\\\/wp-content\\\/uploads\\\/2023\\\/12\\\/cropped-logo-transparent-concello-de-a-arnoia.png\",\"width\":512,\"height\":512,\"caption\":\"Concello de A Arnoia\"},\"image\":{\"@id\":\"https:\\\/\\\/arnoia.es\\\/#\\\/schema\\\/logo\\\/image\\\/\"},\"sameAs\":[\"https:\\\/\\\/www.facebook.com\\\/ConcellodeArnoia\",\"https:\\\/\\\/x.com\\\/ConcelloArnoia\",\"https:\\\/\\\/www.instagram.com\\\/concellodearnoia\\\/?hl=es\"],\"email\":\"info@arnoia.es\",\"telephone\":\"988 48 69 00\"}]}<\/script>\n<!-- \/ Yoast SEO Premium plugin. -->","yoast_head_json":{"title":"Saludo del Alcalde - Concello de A Arnoia","robots":{"index":"index","follow":"follow","max-snippet":"max-snippet:-1","max-image-preview":"max-image-preview:large","max-video-preview":"max-video-preview:-1"},"canonical":"https:\/\/arnoia.socomunicacion.com\/saudo-do-alcalde\/","og_locale":"es_ES","og_type":"article","og_title":"Saludo del Alcalde","og_description":"Saludo del Alcalde Inicio Saludo del Alcalde Saludo del Alcalde Es una alegr\u00eda para m\u00ed poderos dar la bienvenida la este espacio virtual, que pretende ser la casa com\u00fan de todos los vecinos de A Arnoia. Aqu\u00ed podr\u00e9is encontrar todo tipo de informaci\u00f3n relacionada con el ayuntamiento, y tambi\u00e9n podr\u00e9is llevar a cabo gran parte [&hellip;]","og_url":"https:\/\/arnoia.socomunicacion.com\/saudo-do-alcalde\/","og_site_name":"Concello de A Arnoia","article_publisher":"https:\/\/www.facebook.com\/ConcellodeArnoia","article_modified_time":"2024-09-30T11:50:20+00:00","og_image":[{"width":512,"height":512,"url":"https:\/\/arnoia.es\/wp-content\/uploads\/2023\/12\/cropped-logo-transparent-concello-de-a-arnoia.png","type":"image\/png"}],"twitter_card":"summary_large_image","twitter_site":"@ConcelloArnoia","twitter_misc":{"Tiempo de lectura":"1 minuto"},"schema":{"@context":"https:\/\/schema.org","@graph":[{"@type":"WebPage","@id":"https:\/\/arnoia.es\/saudo-do-alcalde\/","url":"https:\/\/arnoia.socomunicacion.com\/saudo-do-alcalde\/","name":"Saludo del Alcalde - Concello de A Arnoia","isPartOf":{"@id":"https:\/\/arnoia.es\/#website"},"datePublished":"2024-01-03T12:21:15+00:00","dateModified":"2024-09-30T11:50:20+00:00","breadcrumb":{"@id":"https:\/\/arnoia.socomunicacion.com\/saudo-do-alcalde\/#breadcrumb"},"inLanguage":"es","potentialAction":[{"@type":"ReadAction","target":["https:\/\/arnoia.socomunicacion.com\/saudo-do-alcalde\/"]}]},{"@type":"BreadcrumbList","@id":"https:\/\/arnoia.socomunicacion.com\/saudo-do-alcalde\/#breadcrumb","itemListElement":[{"@type":"ListItem","position":1,"name":"Inicio","item":"https:\/\/arnoia.es\/"},{"@type":"ListItem","position":2,"name":"Saludo del Alcalde"}]},{"@type":"WebSite","@id":"https:\/\/arnoia.es\/#website","url":"https:\/\/arnoia.es\/","name":"Concello de A Arnoia","description":"","publisher":{"@id":"https:\/\/arnoia.es\/#organization"},"potentialAction":[{"@type":"SearchAction","target":{"@type":"EntryPoint","urlTemplate":"https:\/\/arnoia.es\/?s={search_term_string}"},"query-input":{"@type":"PropertyValueSpecification","valueRequired":true,"valueName":"search_term_string"}}],"inLanguage":"es"},{"@type":"Organization","@id":"https:\/\/arnoia.es\/#organization","name":"Concello de A Arnoia","url":"https:\/\/arnoia.es\/","logo":{"@type":"ImageObject","inLanguage":"es","@id":"https:\/\/arnoia.es\/#\/schema\/logo\/image\/","url":"https:\/\/arnoia.es\/wp-content\/uploads\/2023\/12\/cropped-logo-transparent-concello-de-a-arnoia.png","contentUrl":"https:\/\/arnoia.es\/wp-content\/uploads\/2023\/12\/cropped-logo-transparent-concello-de-a-arnoia.png","width":512,"height":512,"caption":"Concello de A Arnoia"},"image":{"@id":"https:\/\/arnoia.es\/#\/schema\/logo\/image\/"},"sameAs":["https:\/\/www.facebook.com\/ConcellodeArnoia","https:\/\/x.com\/ConcelloArnoia","https:\/\/www.instagram.com\/concellodearnoia\/?hl=es"],"email":"info@arnoia.es","telephone":"988 48 69 00"}]}},"_links":{"self":[{"href":"https:\/\/arnoia.es\/es\/wp-json\/wp\/v2\/pages\/5264","targetHints":{"allow":["GET"]}}],"collection":[{"href":"https:\/\/arnoia.es\/es\/wp-json\/wp\/v2\/pages"}],"about":[{"href":"https:\/\/arnoia.es\/es\/wp-json\/wp\/v2\/types\/page"}],"author":[{"embeddable":true,"href":"https:\/\/arnoia.es\/es\/wp-json\/wp\/v2\/users\/1"}],"replies":[{"embeddable":true,"href":"https:\/\/arnoia.es\/es\/wp-json\/wp\/v2\/comments?post=5264"}],"version-history":[{"count":7,"href":"https:\/\/arnoia.es\/es\/wp-json\/wp\/v2\/pages\/5264\/revisions"}],"predecessor-version":[{"id":6174,"href":"https:\/\/arnoia.es\/es\/wp-json\/wp\/v2\/pages\/5264\/revisions\/6174"}],"wp:attachment":[{"href":"https:\/\/arnoia.es\/es\/wp-json\/wp\/v2\/media?parent=5264"}],"curies":[{"name":"wp","href":"https:\/\/api.w.org\/{rel}","templated":true}]}}