{"id":5473,"date":"2024-03-21T00:53:26","date_gmt":"2024-03-20T23:53:26","guid":{"rendered":"https:\/\/arnoia.socomunicacion.com\/?page_id=5473"},"modified":"2024-03-21T01:30:16","modified_gmt":"2024-03-21T00:30:16","slug":"politica-de-cookies-es","status":"publish","type":"page","link":"https:\/\/arnoia.es\/es\/politica-de-cookies-es\/","title":{"rendered":"Pol\u00edtica de cookies"},"content":{"rendered":"<style>.elementor-5473 .elementor-element.elementor-element-1f2d3a4f > .elementor-container{max-width:1170px;}.elementor-5473 .elementor-element.elementor-element-1f2d3a4f:not(.elementor-motion-effects-element-type-background), .elementor-5473 .elementor-element.elementor-element-1f2d3a4f > .elementor-motion-effects-container > .elementor-motion-effects-layer{background-image:url(\"https:\/\/arnoia.es\/wp-content\/uploads\/2024\/03\/politica-de-cookies.jpg\");background-position:0px 91%;background-repeat:no-repeat;background-size:cover;}.elementor-5473 .elementor-element.elementor-element-1f2d3a4f > .elementor-background-overlay{background-color:#121212;opacity:0.4;transition:background 0.3s, border-radius 0.3s, opacity 0.3s;}.elementor-5473 .elementor-element.elementor-element-1f2d3a4f{transition:background 0.3s, border 0.3s, border-radius 0.3s, box-shadow 0.3s;padding:280px 0px 150px 0px;z-index:0;}.elementor-5473 .elementor-element.elementor-element-431d7bb9{text-align:center;}.elementor-5473 .elementor-element.elementor-element-431d7bb9 .elementor-heading-title{font-family:var( --e-global-typography-secondary-font-family ), Sans-serif;font-weight:var( --e-global-typography-secondary-font-weight );color:#FFFFFF;}.elementor-5473 .elementor-element.elementor-element-3fa941d .elementor-icon-list-items:not(.elementor-inline-items) .elementor-icon-list-item:not(:last-child){padding-block-end:calc(5px\/2);}.elementor-5473 .elementor-element.elementor-element-3fa941d .elementor-icon-list-items:not(.elementor-inline-items) .elementor-icon-list-item:not(:first-child){margin-block-start:calc(5px\/2);}.elementor-5473 .elementor-element.elementor-element-3fa941d .elementor-icon-list-items.elementor-inline-items .elementor-icon-list-item{margin-inline:calc(5px\/2);}.elementor-5473 .elementor-element.elementor-element-3fa941d .elementor-icon-list-items.elementor-inline-items{margin-inline:calc(-5px\/2);}.elementor-5473 .elementor-element.elementor-element-3fa941d .elementor-icon-list-items.elementor-inline-items .elementor-icon-list-item:after{inset-inline-end:calc(-5px\/2);}.elementor-5473 .elementor-element.elementor-element-3fa941d .elementor-icon-list-icon i{color:var( --e-global-color-secondary );transition:color 0.3s;}.elementor-5473 .elementor-element.elementor-element-3fa941d .elementor-icon-list-icon svg{fill:var( --e-global-color-secondary );transition:fill 0.3s;}.elementor-5473 .elementor-element.elementor-element-3fa941d{--e-icon-list-icon-size:14px;--icon-vertical-offset:0px;}.elementor-5473 .elementor-element.elementor-element-3fa941d .elementor-icon-list-text{color:#FFFFFF;transition:color 0.3s;}.elementor-5473 .elementor-element.elementor-element-3fa941d > .elementor-widget-container{margin:-5px 0px 0px 0px;}.elementor-5473 .elementor-element.elementor-element-31f6be0a > .elementor-container{max-width:1170px;}.elementor-5473 .elementor-element.elementor-element-31f6be0a{transition:background 0.3s, border 0.3s, border-radius 0.3s, box-shadow 0.3s;margin-top:22px;margin-bottom:0px;padding:0px 0px 0px 0px;}.elementor-5473 .elementor-element.elementor-element-31f6be0a > .elementor-background-overlay{transition:background 0.3s, border-radius 0.3s, opacity 0.3s;}@media(max-width:1024px){.elementor-5473 .elementor-element.elementor-element-1f2d3a4f:not(.elementor-motion-effects-element-type-background), .elementor-5473 .elementor-element.elementor-element-1f2d3a4f > .elementor-motion-effects-container > .elementor-motion-effects-layer{background-position:0px 0px;}.elementor-5473 .elementor-element.elementor-element-1f2d3a4f{padding:200px 10px 130px 10px;}.elementor-5473 .elementor-element.elementor-element-31f6be0a{padding:80px 10px 80px 10px;}}@media(max-width:767px){.elementor-5473 .elementor-element.elementor-element-1f2d3a4f:not(.elementor-motion-effects-element-type-background), .elementor-5473 .elementor-element.elementor-element-1f2d3a4f > .elementor-motion-effects-container > .elementor-motion-effects-layer{background-position:center center;}.elementor-5473 .elementor-element.elementor-element-1f2d3a4f{padding:160px 0px 80px 0px;}.elementor-5473 .elementor-element.elementor-element-31f6be0a{padding:40px 10px 40px 10px;}}<\/style>\t\t<div data-elementor-type=\"wp-page\" data-elementor-id=\"5473\" class=\"elementor elementor-5473 elementor-5472\" data-elementor-post-type=\"page\">\n\t\t\t\t\t\t<section class=\"elementor-section elementor-top-section elementor-element elementor-element-1f2d3a4f elementor-section-boxed elementor-section-height-default elementor-section-height-default\" data-id=\"1f2d3a4f\" data-element_type=\"section\" data-e-type=\"section\" data-settings=\"{&quot;background_background&quot;:&quot;classic&quot;}\">\n\t\t\t\t\t\t\t<div class=\"elementor-background-overlay\"><\/div>\n\t\t\t\t\t\t\t<div class=\"elementor-container elementor-column-gap-default\">\n\t\t\t\t\t<div class=\"elementor-column elementor-col-100 elementor-top-column elementor-element elementor-element-757e552\" data-id=\"757e552\" data-element_type=\"column\" data-e-type=\"column\">\n\t\t\t<div class=\"elementor-widget-wrap elementor-element-populated\">\n\t\t\t\t\t\t<div class=\"elementor-element elementor-element-431d7bb9 elementor-widget elementor-widget-heading\" data-id=\"431d7bb9\" data-element_type=\"widget\" data-e-type=\"widget\" data-widget_type=\"heading.default\">\n\t\t\t\t<div class=\"elementor-widget-container\">\n\t\t\t\t\t<h2 class=\"elementor-heading-title elementor-size-default\">Actividades tur\u00edsticas\u200b<\/h2>\t\t\t\t<\/div>\n\t\t\t\t<\/div>\n\t\t\t\t<div class=\"elementor-element elementor-element-3fa941d elementor-icon-list--layout-inline elementor-align-center elementor-list-item-link-full_width elementor-widget elementor-widget-icon-list\" data-id=\"3fa941d\" data-element_type=\"widget\" data-e-type=\"widget\" data-widget_type=\"icon-list.default\">\n\t\t\t\t<div class=\"elementor-widget-container\">\n\t\t\t\t\t\t\t<ul class=\"elementor-icon-list-items elementor-inline-items\">\n\t\t\t\t\t\t\t<li class=\"elementor-icon-list-item elementor-inline-item\">\n\t\t\t\t\t\t\t\t\t\t<span class=\"elementor-icon-list-text\">Inicio<\/span>\n\t\t\t\t\t\t\t\t\t<\/li>\n\t\t\t\t\t\t\t\t<li class=\"elementor-icon-list-item elementor-inline-item\">\n\t\t\t\t\t\t\t\t\t\t\t<span class=\"elementor-icon-list-icon\">\n\t\t\t\t\t\t\t<svg aria-hidden=\"true\" class=\"e-font-icon-svg e-fas-chevron-right\" viewBox=\"0 0 320 512\" xmlns=\"http:\/\/www.w3.org\/2000\/svg\"><path d=\"M285.476 272.971L91.132 467.314c-9.373 9.373-24.569 9.373-33.941 0l-22.667-22.667c-9.357-9.357-9.375-24.522-.04-33.901L188.505 256 34.484 101.255c-9.335-9.379-9.317-24.544.04-33.901l22.667-22.667c9.373-9.373 24.569-9.373 33.941 0L285.475 239.03c9.373 9.372 9.373 24.568.001 33.941z\"><\/path><\/svg>\t\t\t\t\t\t<\/span>\n\t\t\t\t\t\t\t\t\t\t<span class=\"elementor-icon-list-text\">Actividades tur\u00edsticas\u200b<\/span>\n\t\t\t\t\t\t\t\t\t<\/li>\n\t\t\t\t\t\t<\/ul>\n\t\t\t\t\t\t<\/div>\n\t\t\t\t<\/div>\n\t\t\t\t\t<\/div>\n\t\t<\/div>\n\t\t\t\t\t<\/div>\n\t\t<\/section>\n\t\t\t\t<section class=\"elementor-section elementor-top-section elementor-element elementor-element-31f6be0a elementor-reverse-tablet elementor-reverse-mobile elementor-section-boxed elementor-section-height-default elementor-section-height-default\" data-id=\"31f6be0a\" data-element_type=\"section\" data-e-type=\"section\" data-settings=\"{&quot;background_background&quot;:&quot;classic&quot;}\">\n\t\t\t\t\t\t<div class=\"elementor-container elementor-column-gap-default\">\n\t\t\t\t\t<div class=\"elementor-column elementor-col-100 elementor-top-column elementor-element elementor-element-d32d146\" data-id=\"d32d146\" data-element_type=\"column\" data-e-type=\"column\">\n\t\t\t<div class=\"elementor-widget-wrap elementor-element-populated\">\n\t\t\t\t\t\t<div class=\"elementor-element elementor-element-7361cb2 elementor-widget elementor-widget-text-editor\" data-id=\"7361cb2\" data-element_type=\"widget\" data-e-type=\"widget\" data-widget_type=\"text-editor.default\">\n\t\t\t\t<div class=\"elementor-widget-container\">\n\t\t\t\t\t\t\t\t\t<p>Esta Pol\u00edtica de Cookies se actualiz\u00f3 por \u00faltima vez el 19 de marzo de 2024 y se aplica a ciudadanos y residentes legales permanentes del Espacio Econ\u00f3mico Europeo y Suiza.<\/p>\n<p><span style=\"color: #b4040d;\"><strong>1. Introduci\u00f3n<\/strong><\/span><\/p>\n<p>Nuestro sitio web, https:\/\/arnoia.socomunicacion.com (en adelante: \u00abel sitio web\u00bb) utiliza cookies y otras tecnolog\u00edas relacionadas (para mayor comodidad, todas las tecnolog\u00edas se denominan \u00abcookies\u00bb). Las cookies tambi\u00e9n las colocan terceros que hemos contratado. En el siguiente documento le informamos sobre el uso de cookies en nuestro sitio web.<\/p>\n<p><span style=\"color: #b4040d;\">2. \u00bfQu\u00e9 son las cookies?<\/span><\/p>\n<p>Una cookie es un archivo peque\u00f1o y simple que se env\u00eda con las p\u00e1ginas de este sitio web y que su navegador almacena en el disco duro de su computadora u otro dispositivo. La informaci\u00f3n almacenada en \u00e9l podr\u00e1 ser devuelta a nuestros servidores o a los servidores de los terceros correspondientes durante una visita posterior.<\/p>\n<p><span style=\"color: #b4040d;\">3. \u00bfQu\u00e9 son los guiones?<\/span><\/p>\n<p>Un script es un fragmento de c\u00f3digo de programa que se utiliza para que nuestro sitio web funcione de forma correcta e interactiva. Este c\u00f3digo se ejecuta en nuestro servidor o en su dispositivo.<\/p>\n<p><span style=\"color: #b4040d;\">4. \u00bfQu\u00e9 es una baliza web?<\/span><\/p>\n<p>Una baliza web (o etiqueta de p\u00edxel) es un fragmento de texto o imagen peque\u00f1o e invisible en un sitio web que se utiliza para monitorear el tr\u00e1fico en un sitio web. Para ello, se almacenan diversos datos sobre usted mediante balizas web.<\/p>\n<p><span style=\"color: #b4040d;\">5. Cookies<\/span><\/p>\n<p>5.1 Cookies t\u00e9cnicas o funcionales<\/p>\n<p>Algunas cookies garantizan que determinadas partes del sitio web funcionen correctamente y que se conozcan sus preferencias de usuario. Al colocar cookies funcionales, le facilitamos la visita a nuestro sitio web. De esta manera, no necesitar\u00e1 ingresar repetidamente la misma informaci\u00f3n cuando visite nuestro sitio web y, por ejemplo, los art\u00edculos permanecer\u00e1n en su carrito de compras hasta que pague. Podemos colocar estas cookies sin su consentimiento.<\/p>\n<p>5.2 Cookies estad\u00edsticas<\/p>\n<p>Utilizamos cookies estad\u00edsticas para optimizar la experiencia del sitio web de nuestros usuarios. Con estas cookies estad\u00edsticas obtenemos informaci\u00f3n sobre el uso de nuestra web. Solicitamos tu permiso para colocar cookies estad\u00edsticas.<\/p>\n<p>5.3 Cookies de marketing\/seguimiento<\/p>\n<p>Las cookies de marketing\/seguimiento son cookies o cualquier otra forma de almacenamiento local que se utilizan para crear perfiles de usuario para mostrar publicidad o rastrear al usuario en este sitio web o en sitios web similares con fines de marketing.<\/p>\n<p>5.4 Redes sociales<\/p>\n<p>Incluimos contenido de Facebook, Twitter e Instagram en nuestro sitio web para promocionar (p. ej., &#8216;me gusta&#8217;, &#8216;pin&#8217;) o compartir (p. ej., &#8216;twittear&#8217;) p\u00e1ginas web en redes sociales como Facebook, Twitter e Instagram. Este contenido est\u00e1 integrado con c\u00f3digo derivado de Facebook, Twitter e Instagram y coloca cookies. Este contenido puede almacenar y procesar cierta informaci\u00f3n para publicidad personalizada.<\/p>\n<p>Lea la declaraci\u00f3n de privacidad de estas redes sociales (que pueden cambiar peri\u00f3dicamente) para saber qu\u00e9 hacen con sus datos (personales) que procesan utilizando estas cookies. Los datos que se recuperan son en la medida de lo posible an\u00f3nimos. Facebook, Twitter e Instagram est\u00e1n ubicados en los Estados Unidos.<\/p>\n<p><span style=\"color: #b4040d;\">6. Activaci\u00f3n\/desactivaci\u00f3n y eliminaci\u00f3n de cookies<\/span><\/p>\n<p>Puede utilizar su navegador de Internet para eliminar las cookies de forma autom\u00e1tica o manual. Tambi\u00e9n puedes especificar que no se coloquen determinadas cookies. Otra opci\u00f3n es cambiar la configuraci\u00f3n de su navegador de Internet para recibir un mensaje cada vez que se coloca una cookie. Para obtener m\u00e1s informaci\u00f3n sobre estas opciones, consulte las instrucciones en la secci\u00f3n de Ayuda de su navegador.<\/p>\n<p>Tenga en cuenta que es posible que nuestro sitio web no funcione correctamente si todas las cookies est\u00e1n desactivadas. Si elimina las cookies de su navegador, se colocar\u00e1n nuevamente despu\u00e9s de su consentimiento cuando visite nuestro sitio web nuevamente.<\/p>\n<p><span style=\"color: #b4040d;\">9. Tus derechos con respecto a los datos personales<\/span><\/p>\n<p>Tiene los siguientes derechos con respecto a sus datos personales:<\/p>\n<p> Tiene derecho a saber para qu\u00e9 se necesitan sus datos personales, qu\u00e9 pasar\u00e1 con ellos y durante cu\u00e1nto tiempo se conservar\u00e1n.<br \/> &#8211; Derecho de acceso: tienes derecho a acceder a tus datos personales que conocemos.<br \/> &#8211; Derecho de rectificaci\u00f3n: tienes derecho a completar, corregir, eliminar o bloquear tus datos personales cuando lo desees.<br \/> &#8211; Si nos das tu consentimiento para procesar tus datos, tienes derecho a revocar ese consentimiento y a que se eliminen tus datos personales.<br \/> &#8211; Derecho a transferir tus datos: tienes derecho a solicitar al responsable del tratamiento todos tus datos personales y transferirlos en su totalidad a otro responsable del tratamiento.<br \/> &#8211; Derecho de oposici\u00f3n: podr\u00e1s oponerte al tratamiento de tus datos. Lo cumplimos, salvo que existan motivos justificados para su tratamiento.<\/p>\n<p>Para ejercer estos derechos, por favor p\u00f3ngase en contacto con nosotros. Consulte los datos de contacto al final de esta Pol\u00edtica de Cookies. Si tiene una queja sobre c\u00f3mo manejamos sus datos, nos gustar\u00eda saber de usted, pero tambi\u00e9n tiene derecho a presentar una queja ante la autoridad de control (la Autoridad de Protecci\u00f3n de Datos).<\/p>\n<p><span style=\"color: #b4040d;\">10. Datos de contacto<\/span><\/p>\n<p>Si tiene preguntas y\/o comentarios sobre nuestra Pol\u00edtica de Cookies y esta declaraci\u00f3n, comun\u00edquese con nosotros utilizando los siguientes datos de contacto:<\/p>\n<p>Ayuntamiento de A Arnoia<br \/>R\u00faa Outeiro Cruz, 14, 32417 A Arnoia, Ourense<br \/>Espa\u00f1a<br \/>P\u00e1gina web: <a href=\"https:\/\/arnoia.socomunicacion.com\/es\/\">https:\/\/arnoia.socomunicacion.com<\/a><br \/>Correo electr\u00f3nico: <a href=\"mailto:info@arnoia.es\">info@arnoia.es<\/a><br \/>Tel\u00e9fono: <a href=\"tel:+34%20988%2048%2069%2000\">988 48 69 00<\/a><\/p><\/p>\n\t\t\t\t\t\t\t\t<\/div>\n\t\t\t\t<\/div>\n\t\t\t\t\t<\/div>\n\t\t<\/div>\n\t\t\t\t\t<\/div>\n\t\t<\/section>\n\t\t\t\t<\/div>\n\t\t","protected":false},"excerpt":{"rendered":"<p>Actividades tur\u00edsticas\u200b Inicio Actividades tur\u00edsticas\u200b Esta Pol\u00edtica de Cookies se actualiz\u00f3 por \u00faltima vez el 19 de marzo de 2024 y se aplica a ciudadanos y residentes legales permanentes del Espacio Econ\u00f3mico Europeo y Suiza. 1. Introduci\u00f3n Nuestro sitio web, https:\/\/arnoia.socomunicacion.com (en adelante: \u00abel sitio web\u00bb) utiliza cookies y otras tecnolog\u00edas relacionadas (para mayor comodidad, [&hellip;]<\/p>\n","protected":false},"author":2,"featured_media":0,"parent":0,"menu_order":0,"comment_status":"closed","ping_status":"closed","template":"","meta":{"site-sidebar-layout":"no-sidebar","site-content-layout":"","ast-site-content-layout":"full-width-container","site-content-style":"default","site-sidebar-style":"default","ast-global-header-display":"","ast-banner-title-visibility":"","ast-main-header-display":"","ast-hfb-above-header-display":"","ast-hfb-below-header-display":"","ast-hfb-mobile-header-display":"","site-post-title":"disabled","ast-breadcrumbs-content":"","ast-featured-img":"disabled","footer-sml-layout":"","ast-disable-related-posts":"","theme-transparent-header-meta":"","adv-header-id-meta":"","stick-header-meta":"","header-above-stick-meta":"","header-main-stick-meta":"","header-below-stick-meta":"","astra-migrate-meta-layouts":"default","ast-page-background-enabled":"default","ast-page-background-meta":{"desktop":{"background-color":"var(--ast-global-color-4)","background-image":"","background-repeat":"repeat","background-position":"center center","background-size":"auto","background-attachment":"scroll","background-type":"","background-media":"","overlay-type":"","overlay-color":"","overlay-opacity":"","overlay-gradient":""},"tablet":{"background-color":"","background-image":"","background-repeat":"repeat","background-position":"center center","background-size":"auto","background-attachment":"scroll","background-type":"","background-media":"","overlay-type":"","overlay-color":"","overlay-opacity":"","overlay-gradient":""},"mobile":{"background-color":"","background-image":"","background-repeat":"repeat","background-position":"center center","background-size":"auto","background-attachment":"scroll","background-type":"","background-media":"","overlay-type":"","overlay-color":"","overlay-opacity":"","overlay-gradient":""}},"ast-content-background-meta":{"desktop":{"background-color":"var(--ast-global-color-5)","background-image":"","background-repeat":"repeat","background-position":"center center","background-size":"auto","background-attachment":"scroll","background-type":"","background-media":"","overlay-type":"","overlay-color":"","overlay-opacity":"","overlay-gradient":""},"tablet":{"background-color":"var(--ast-global-color-5)","background-image":"","background-repeat":"repeat","background-position":"center center","background-size":"auto","background-attachment":"scroll","background-type":"","background-media":"","overlay-type":"","overlay-color":"","overlay-opacity":"","overlay-gradient":""},"mobile":{"background-color":"var(--ast-global-color-5)","background-image":"","background-repeat":"repeat","background-position":"center center","background-size":"auto","background-attachment":"scroll","background-type":"","background-media":"","overlay-type":"","overlay-color":"","overlay-opacity":"","overlay-gradient":""}},"footnotes":""},"class_list":["post-5473","page","type-page","status-publish","hentry"],"yoast_head":"<!-- This site is optimized with the Yoast SEO Premium plugin v22.2 (Yoast SEO v27.4) - https:\/\/yoast.com\/product\/yoast-seo-premium-wordpress\/ -->\n<title>Pol\u00edtica de cookies - Concello de A Arnoia<\/title>\n<meta name=\"robots\" content=\"index, follow, max-snippet:-1, max-image-preview:large, max-video-preview:-1\" \/>\n<link rel=\"canonical\" href=\"https:\/\/arnoia.es\/politica-de-cookies\/\" \/>\n<meta property=\"og:locale\" content=\"es_ES\" \/>\n<meta property=\"og:type\" content=\"article\" \/>\n<meta property=\"og:title\" content=\"Pol\u00edtica de cookies\" \/>\n<meta property=\"og:description\" content=\"Actividades tur\u00edsticas\u200b Inicio Actividades tur\u00edsticas\u200b Esta Pol\u00edtica de Cookies se actualiz\u00f3 por \u00faltima vez el 19 de marzo de 2024 y se aplica a ciudadanos y residentes legales permanentes del Espacio Econ\u00f3mico Europeo y Suiza. 1. Introduci\u00f3n Nuestro sitio web, https:\/\/arnoia.socomunicacion.com (en adelante: \u00abel sitio web\u00bb) utiliza cookies y otras tecnolog\u00edas relacionadas (para mayor comodidad, [&hellip;]\" \/>\n<meta property=\"og:url\" content=\"https:\/\/arnoia.es\/politica-de-cookies\/\" \/>\n<meta property=\"og:site_name\" content=\"Concello de A Arnoia\" \/>\n<meta property=\"article:publisher\" content=\"https:\/\/www.facebook.com\/ConcellodeArnoia\" \/>\n<meta property=\"article:modified_time\" content=\"2024-03-21T00:30:16+00:00\" \/>\n<meta property=\"og:image\" content=\"https:\/\/arnoia.socomunicacion.com\/wp-content\/uploads\/2024\/03\/politica-de-cookies-1024x683.jpg\" \/>\n<meta name=\"twitter:card\" content=\"summary_large_image\" \/>\n<meta name=\"twitter:image\" content=\"https:\/\/arnoia.socomunicacion.com\/wp-content\/uploads\/2024\/03\/politica-de-cookies-1024x683.jpg\" \/>\n<meta name=\"twitter:site\" content=\"@ConcelloArnoia\" \/>\n<meta name=\"twitter:label1\" content=\"Tiempo de lectura\" \/>\n\t<meta name=\"twitter:data1\" content=\"5 minutos\" \/>\n<script type=\"application\/ld+json\" class=\"yoast-schema-graph\">{\"@context\":\"https:\\\/\\\/schema.org\",\"@graph\":[{\"@type\":\"WebPage\",\"@id\":\"https:\\\/\\\/arnoia.es\\\/politica-de-cookies\\\/\",\"url\":\"https:\\\/\\\/arnoia.es\\\/politica-de-cookies\\\/\",\"name\":\"Pol\u00edtica de cookies - Concello de A Arnoia\",\"isPartOf\":{\"@id\":\"https:\\\/\\\/arnoia.es\\\/#website\"},\"datePublished\":\"2024-03-20T23:53:26+00:00\",\"dateModified\":\"2024-03-21T00:30:16+00:00\",\"breadcrumb\":{\"@id\":\"https:\\\/\\\/arnoia.es\\\/politica-de-cookies\\\/#breadcrumb\"},\"inLanguage\":\"es\",\"potentialAction\":[{\"@type\":\"ReadAction\",\"target\":[\"https:\\\/\\\/arnoia.es\\\/politica-de-cookies\\\/\"]}]},{\"@type\":\"BreadcrumbList\",\"@id\":\"https:\\\/\\\/arnoia.es\\\/politica-de-cookies\\\/#breadcrumb\",\"itemListElement\":[{\"@type\":\"ListItem\",\"position\":1,\"name\":\"Inicio\",\"item\":\"https:\\\/\\\/arnoia.es\\\/\"},{\"@type\":\"ListItem\",\"position\":2,\"name\":\"Pol\u00edtica de cookies\"}]},{\"@type\":\"WebSite\",\"@id\":\"https:\\\/\\\/arnoia.es\\\/#website\",\"url\":\"https:\\\/\\\/arnoia.es\\\/\",\"name\":\"Concello de A Arnoia\",\"description\":\"\",\"publisher\":{\"@id\":\"https:\\\/\\\/arnoia.es\\\/#organization\"},\"potentialAction\":[{\"@type\":\"SearchAction\",\"target\":{\"@type\":\"EntryPoint\",\"urlTemplate\":\"https:\\\/\\\/arnoia.es\\\/?s={search_term_string}\"},\"query-input\":{\"@type\":\"PropertyValueSpecification\",\"valueRequired\":true,\"valueName\":\"search_term_string\"}}],\"inLanguage\":\"es\"},{\"@type\":\"Organization\",\"@id\":\"https:\\\/\\\/arnoia.es\\\/#organization\",\"name\":\"Concello de A Arnoia\",\"url\":\"https:\\\/\\\/arnoia.es\\\/\",\"logo\":{\"@type\":\"ImageObject\",\"inLanguage\":\"es\",\"@id\":\"https:\\\/\\\/arnoia.es\\\/#\\\/schema\\\/logo\\\/image\\\/\",\"url\":\"https:\\\/\\\/arnoia.es\\\/wp-content\\\/uploads\\\/2023\\\/12\\\/cropped-logo-transparent-concello-de-a-arnoia.png\",\"contentUrl\":\"https:\\\/\\\/arnoia.es\\\/wp-content\\\/uploads\\\/2023\\\/12\\\/cropped-logo-transparent-concello-de-a-arnoia.png\",\"width\":512,\"height\":512,\"caption\":\"Concello de A Arnoia\"},\"image\":{\"@id\":\"https:\\\/\\\/arnoia.es\\\/#\\\/schema\\\/logo\\\/image\\\/\"},\"sameAs\":[\"https:\\\/\\\/www.facebook.com\\\/ConcellodeArnoia\",\"https:\\\/\\\/x.com\\\/ConcelloArnoia\",\"https:\\\/\\\/www.instagram.com\\\/concellodearnoia\\\/?hl=es\"],\"email\":\"info@arnoia.es\",\"telephone\":\"988 48 69 00\"}]}<\/script>\n<!-- \/ Yoast SEO Premium plugin. -->","yoast_head_json":{"title":"Pol\u00edtica de cookies - Concello de A Arnoia","robots":{"index":"index","follow":"follow","max-snippet":"max-snippet:-1","max-image-preview":"max-image-preview:large","max-video-preview":"max-video-preview:-1"},"canonical":"https:\/\/arnoia.es\/politica-de-cookies\/","og_locale":"es_ES","og_type":"article","og_title":"Pol\u00edtica de cookies","og_description":"Actividades tur\u00edsticas\u200b Inicio Actividades tur\u00edsticas\u200b Esta Pol\u00edtica de Cookies se actualiz\u00f3 por \u00faltima vez el 19 de marzo de 2024 y se aplica a ciudadanos y residentes legales permanentes del Espacio Econ\u00f3mico Europeo y Suiza. 1. Introduci\u00f3n Nuestro sitio web, https:\/\/arnoia.socomunicacion.com (en adelante: \u00abel sitio web\u00bb) utiliza cookies y otras tecnolog\u00edas relacionadas (para mayor comodidad, [&hellip;]","og_url":"https:\/\/arnoia.es\/politica-de-cookies\/","og_site_name":"Concello de A Arnoia","article_publisher":"https:\/\/www.facebook.com\/ConcellodeArnoia","article_modified_time":"2024-03-21T00:30:16+00:00","og_image":[{"url":"https:\/\/arnoia.socomunicacion.com\/wp-content\/uploads\/2024\/03\/politica-de-cookies-1024x683.jpg","type":"","width":"","height":""}],"twitter_card":"summary_large_image","twitter_image":"https:\/\/arnoia.socomunicacion.com\/wp-content\/uploads\/2024\/03\/politica-de-cookies-1024x683.jpg","twitter_site":"@ConcelloArnoia","twitter_misc":{"Tiempo de lectura":"5 minutos"},"schema":{"@context":"https:\/\/schema.org","@graph":[{"@type":"WebPage","@id":"https:\/\/arnoia.es\/politica-de-cookies\/","url":"https:\/\/arnoia.es\/politica-de-cookies\/","name":"Pol\u00edtica de cookies - Concello de A Arnoia","isPartOf":{"@id":"https:\/\/arnoia.es\/#website"},"datePublished":"2024-03-20T23:53:26+00:00","dateModified":"2024-03-21T00:30:16+00:00","breadcrumb":{"@id":"https:\/\/arnoia.es\/politica-de-cookies\/#breadcrumb"},"inLanguage":"es","potentialAction":[{"@type":"ReadAction","target":["https:\/\/arnoia.es\/politica-de-cookies\/"]}]},{"@type":"BreadcrumbList","@id":"https:\/\/arnoia.es\/politica-de-cookies\/#breadcrumb","itemListElement":[{"@type":"ListItem","position":1,"name":"Inicio","item":"https:\/\/arnoia.es\/"},{"@type":"ListItem","position":2,"name":"Pol\u00edtica de cookies"}]},{"@type":"WebSite","@id":"https:\/\/arnoia.es\/#website","url":"https:\/\/arnoia.es\/","name":"Concello de A Arnoia","description":"","publisher":{"@id":"https:\/\/arnoia.es\/#organization"},"potentialAction":[{"@type":"SearchAction","target":{"@type":"EntryPoint","urlTemplate":"https:\/\/arnoia.es\/?s={search_term_string}"},"query-input":{"@type":"PropertyValueSpecification","valueRequired":true,"valueName":"search_term_string"}}],"inLanguage":"es"},{"@type":"Organization","@id":"https:\/\/arnoia.es\/#organization","name":"Concello de A Arnoia","url":"https:\/\/arnoia.es\/","logo":{"@type":"ImageObject","inLanguage":"es","@id":"https:\/\/arnoia.es\/#\/schema\/logo\/image\/","url":"https:\/\/arnoia.es\/wp-content\/uploads\/2023\/12\/cropped-logo-transparent-concello-de-a-arnoia.png","contentUrl":"https:\/\/arnoia.es\/wp-content\/uploads\/2023\/12\/cropped-logo-transparent-concello-de-a-arnoia.png","width":512,"height":512,"caption":"Concello de A Arnoia"},"image":{"@id":"https:\/\/arnoia.es\/#\/schema\/logo\/image\/"},"sameAs":["https:\/\/www.facebook.com\/ConcellodeArnoia","https:\/\/x.com\/ConcelloArnoia","https:\/\/www.instagram.com\/concellodearnoia\/?hl=es"],"email":"info@arnoia.es","telephone":"988 48 69 00"}]}},"_links":{"self":[{"href":"https:\/\/arnoia.es\/es\/wp-json\/wp\/v2\/pages\/5473","targetHints":{"allow":["GET"]}}],"collection":[{"href":"https:\/\/arnoia.es\/es\/wp-json\/wp\/v2\/pages"}],"about":[{"href":"https:\/\/arnoia.es\/es\/wp-json\/wp\/v2\/types\/page"}],"author":[{"embeddable":true,"href":"https:\/\/arnoia.es\/es\/wp-json\/wp\/v2\/users\/2"}],"replies":[{"embeddable":true,"href":"https:\/\/arnoia.es\/es\/wp-json\/wp\/v2\/comments?post=5473"}],"version-history":[{"count":3,"href":"https:\/\/arnoia.es\/es\/wp-json\/wp\/v2\/pages\/5473\/revisions"}],"predecessor-version":[{"id":5484,"href":"https:\/\/arnoia.es\/es\/wp-json\/wp\/v2\/pages\/5473\/revisions\/5484"}],"wp:attachment":[{"href":"https:\/\/arnoia.es\/es\/wp-json\/wp\/v2\/media?parent=5473"}],"curies":[{"name":"wp","href":"https:\/\/api.w.org\/{rel}","templated":true}]}}